{"id":237215,"date":"2021-05-31T16:28:54","date_gmt":"2021-05-31T16:28:54","guid":{"rendered":"https:\/\/aeal.eu\/xunta-directiva\/"},"modified":"2025-09-12T19:23:43","modified_gmt":"2025-09-12T19:23:43","slug":"xunta-directiva","status":"publish","type":"page","link":"https:\/\/aeal.eu\/gl\/xunta-directiva\/","title":{"rendered":"Xunta directiva"},"content":{"rendered":"<p>[et_pb_section fb_built=&#8221;1&#8243; custom_padding_last_edited=&#8221;on|desktop&#8221; admin_label=&#8221;Header&#8221; _builder_version=&#8221;4.16&#8243; use_background_color_gradient=&#8221;on&#8221; background_color_gradient_direction=&#8221;90deg&#8221; background_color_gradient_stops=&#8221;#ffffff 15%|rgba(255,255,255,0) 100%&#8221; background_color_gradient_start=&#8221;#ffffff&#8221; background_color_gradient_start_position=&#8221;15%&#8221; background_color_gradient_end=&#8221;rgba(255,255,255,0)&#8221; background_image=&#8221;https:\/\/aeal.eu\/wp-content\/uploads\/2020\/11\/johnny-mcclung-RjdoQxJ7-5k-unsplash-min.jpg&#8221; background_blend=&#8221;overlay&#8221; custom_padding=&#8221;110px||||false|false&#8221; custom_padding_tablet=&#8221;140px|0px|50px|0px|false|false&#8221; custom_padding_phone=&#8221;120px|||&#8221; global_colors_info=&#8221;{}&#8221;][et_pb_row column_structure=&#8221;1_2,1_2&#8243; _builder_version=&#8221;4.16&#8243; max_width=&#8221;1280px&#8221; use_custom_width=&#8221;on&#8221; custom_width_px=&#8221;1280px&#8221; global_colors_info=&#8221;{}&#8221;][et_pb_column type=&#8221;1_2&#8243; _builder_version=&#8221;4.16&#8243; custom_padding=&#8221;|||&#8221; global_colors_info=&#8221;{}&#8221; custom_padding__hover=&#8221;|||&#8221;][et_pb_text _builder_version=&#8221;4.16&#8243; text_font_size=&#8221;18px&#8221; header_4_text_color=&#8221;#3e4368&#8243; global_colors_info=&#8221;{}&#8221;]<\/p>\n<h1>Xunta directiva de AEAL<\/h1>\n<p>[\/et_pb_text][\/et_pb_column][et_pb_column type=&#8221;1_2&#8243; _builder_version=&#8221;4.16&#8243; custom_padding=&#8221;|||&#8221; global_colors_info=&#8221;{}&#8221; custom_padding__hover=&#8221;|||&#8221;][\/et_pb_column][\/et_pb_row][\/et_pb_section][et_pb_section fb_built=&#8221;1&#8243; admin_label=&#8221;About Us&#8221; _builder_version=&#8221;4.16&#8243; global_colors_info=&#8221;{}&#8221;][et_pb_row _builder_version=&#8221;4.16&#8243; custom_width_px=&#8221;1280px&#8221; global_colors_info=&#8221;{}&#8221;][et_pb_column type=&#8221;4_4&#8243; _builder_version=&#8221;4.16&#8243; custom_padding=&#8221;||||false|false&#8221; custom_padding_tablet=&#8221;0px|||&#8221; custom_padding_phone=&#8221;&#8221; custom_padding_last_edited=&#8221;on|tablet&#8221; global_colors_info=&#8221;{}&#8221; padding_tablet=&#8221;0px|||&#8221; padding_last_edited=&#8221;on|tablet&#8221; custom_padding__hover=&#8221;|||&#8221; padding_phone=&#8221;0px|||&#8221;][et_pb_text _builder_version=&#8221;4.16&#8243; _module_preset=&#8221;f956dac9-6215-4bb8-b346-b78e7709a56d&#8221; locked=&#8221;off&#8221; global_colors_info=&#8221;{}&#8221;]<\/p>\n<p>A Xunta Directiva da AEAL elixida na Asemblea ordinaria celebrada en Sevilla o 4 de setembro de 2025 est\u00e1 integrada por:<\/p>\n<p>[\/et_pb_text][\/et_pb_column][\/et_pb_row][et_pb_row column_structure=&#8221;1_3,1_3,1_3&#8243; _builder_version=&#8221;4.16&#8243; _module_preset=&#8221;default&#8221; global_colors_info=&#8221;{}&#8221;][et_pb_column type=&#8221;1_3&#8243; _builder_version=&#8221;4.16&#8243; _module_preset=&#8221;default&#8221; global_colors_info=&#8221;{}&#8221;][et_pb_text _builder_version=&#8221;4.16&#8243; _module_preset=&#8221;default&#8221; global_colors_info=&#8221;{}&#8221;]<\/p>\n<p><strong>Presidenta:<\/strong> Eva Aguilar Mediavilla<\/p>\n<p><strong>Vicepresidenta:<\/strong> Alejandra Auza Benavides<\/p>\n<p><strong>Secretaria:<\/strong> Melina Aparici Aznar<\/p>\n<p><strong>Tesoureira:<\/strong> Ver\u00f3nica Mart\u00ednez L\u00f3pez<\/p>\n<p>[\/et_pb_text][\/et_pb_column][et_pb_column type=&#8221;1_3&#8243; _builder_version=&#8221;4.16&#8243; _module_preset=&#8221;default&#8221; global_colors_info=&#8221;{}&#8221;][et_pb_text _builder_version=&#8221;4.16&#8243; _module_preset=&#8221;default&#8221; global_colors_info=&#8221;{}&#8221;]<\/p>\n<p><strong>Vogais:<\/strong><\/p>\n<p>[\/et_pb_text][et_pb_text _builder_version=&#8221;4.18.0&#8243; _module_preset=&#8221;default&#8221; custom_padding=&#8221;|||5%|false|false&#8221; global_colors_info=&#8221;{}&#8221;]<\/p>\n<p>Lloren\u00e7 Andreu Barrachina<br \/>Iria Botana Lois<br \/>Anny Castilla Earls<br \/>Amaia Munarriz-Ibarrola<br \/>Mariela Resches<br \/>David Salda\u00f1a Sage<\/p>\n<p>[\/et_pb_text][\/et_pb_column][et_pb_column type=&#8221;1_3&#8243; _builder_version=&#8221;4.16&#8243; _module_preset=&#8221;default&#8221; global_colors_info=&#8221;{}&#8221;][et_pb_image src=&#8221;https:\/\/aeal.eu\/wp-content\/uploads\/2022\/09\/5.jpg&#8221; alt=&#8221;Imagen de la elecci\u00f3n de la nueva junta de AEAL&#8221; title_text=&#8221;5&#8243; _builder_version=&#8221;4.18.0&#8243; _module_preset=&#8221;default&#8221; width=&#8221;41%&#8221; max_width=&#8221;43%&#8221; global_colors_info=&#8221;{}&#8221;][\/et_pb_image][\/et_pb_column][\/et_pb_row][\/et_pb_section][et_pb_section fb_built=&#8221;1&#8243; _builder_version=&#8221;4.16&#8243; _module_preset=&#8221;default&#8221; global_colors_info=&#8221;{}&#8221;][et_pb_row _builder_version=&#8221;4.16&#8243; _module_preset=&#8221;default&#8221; global_colors_info=&#8221;{}&#8221;][et_pb_column type=&#8221;4_4&#8243; _builder_version=&#8221;4.16&#8243; _module_preset=&#8221;default&#8221; global_colors_info=&#8221;{}&#8221;][et_pb_accordion open_toggle_text_color=&#8221;#CCD85E&#8221; _builder_version=&#8221;4.18.0&#8243; _module_preset=&#8221;default&#8221; global_colors_info=&#8221;{}&#8221;][et_pb_accordion_item title=&#8221;Su t\u00edtulo va aqu\u00ed&#8221; open=&#8221;on&#8221; _builder_version=&#8221;4.18.0&#8243; _module_preset=&#8221;default&#8221; custom_css_main_element=&#8221;display:none;&#8221; global_colors_info=&#8221;{}&#8221;][\/et_pb_accordion_item][et_pb_accordion_item title=&#8221;Xunta AEAL 2022-2025&#8243; open_toggle_text_color=&#8221;#CCD85E&#8221; _builder_version=&#8221;4.18.0&#8243; _module_preset=&#8221;default&#8221; global_colors_info=&#8221;{}&#8221; toggle_text_color=&#8221;#5C5C5C&#8221; open=&#8221;off&#8221;]<\/p>\n<table border=\"1\" style=\"border-collapse: collapse; width: 100%;\">\n<tbody>\n<tr>\n<td style=\"width: 50%;\">\n<div class=\"et_pb_column et_pb_column_1_2 et_pb_column_3 et_pb_css_mix_blend_mode_passthrough\">\n<div class=\"et_pb_module et_pb_text et_pb_text_2 et_pb_text_align_left et_pb_bg_layout_light\">\n<div class=\"et_pb_text_inner\">\n<p><strong>Presidenta:<\/strong><span> <\/span>Eva Aguilar-Mediavilla<\/p>\n<p><strong><span>Vicepresidenta: Alejandra Auza Benavides<\/span><\/strong><\/p>\n<p><strong><span>Secretaria: Melina Aparici Aznar<\/span><\/strong><\/p>\n<p><strong><span>Tesoureira: Ver\u00f3nica Mart\u00ednez L\u00f3pez<\/span><\/strong><\/p>\n<\/div>\n<\/div>\n<\/div>\n<div class=\"et_pb_column et_pb_column_1_2 et_pb_column_4 et_pb_css_mix_blend_mode_passthrough et-last-child\">\n<div class=\"et_pb_module et_pb_text et_pb_text_3 et_pb_text_align_left et_pb_bg_layout_light\">\n<div class=\"et_pb_text_inner\"><\/div>\n<\/div>\n<div class=\"et_pb_module et_pb_text et_pb_text_4 et_pb_text_align_left et_pb_bg_layout_light\">\n<div class=\"et_pb_text_inner\"><\/div>\n<\/div>\n<\/div>\n<\/td>\n<td style=\"width: 50%;\">\n<div class=\"et_pb_module et_pb_text et_pb_text_3 et_pb_text_align_left et_pb_bg_layout_light\">\n<div class=\"et_pb_text_inner\">\n<p><strong>Vogais:<\/strong><\/p>\n<\/div>\n<\/div>\n<div class=\"et_pb_module et_pb_text et_pb_text_4 et_pb_text_align_left et_pb_bg_layout_light\">\n<div class=\"et_pb_text_inner\">Lloren\u00e7 Andreu Barrachina<\/div>\n<div class=\"et_pb_text_inner\">Anny Castilla-Earls<\/div>\n<div class=\"et_pb_text_inner\">Ibon Manterola Garate<\/div>\n<div class=\"et_pb_text_inner\">Manuel Peralbo Uzquiano<\/div>\n<div class=\"et_pb_text_inner\">Mariela Resches<br \/>David Salda\u00f1a Sage<\/div>\n<\/div>\n<\/td>\n<\/tr>\n<\/tbody>\n<\/table>\n<p>[\/et_pb_accordion_item][et_pb_accordion_item title=&#8221;Xunta AEAL 2016-2022&#8243; open_toggle_text_color=&#8221;#CCD85E&#8221; _builder_version=&#8221;4.18.0&#8243; _module_preset=&#8221;default&#8221; global_colors_info=&#8221;{}&#8221; toggle_text_color=&#8221;#5C5C5C&#8221; open=&#8221;off&#8221;]<\/p>\n<table border=\"1\" style=\"border-collapse: collapse; width: 100%;\">\n<tbody>\n<tr>\n<td style=\"width: 50%;\">\n<div class=\"et_pb_column et_pb_column_1_2 et_pb_column_3 et_pb_css_mix_blend_mode_passthrough\">\n<div class=\"et_pb_module et_pb_text et_pb_text_2 et_pb_text_align_left et_pb_bg_layout_light\">\n<div class=\"et_pb_text_inner\">\n<p><strong><span>Presidente: Eliseo Diez Itza<\/span><\/strong><\/p>\n<p><strong><span>Vicepresidente: Carlos Gallego L\u00f3pez<\/span><\/strong><\/p>\n<p><strong><span>Secretaria: Eva Aguilar Mediavilla<\/span><\/strong><\/p>\n<p><strong><span>Tesoureira: Ver\u00f3nica Mart\u00ednez L\u00f3pez<\/span><\/strong><\/p>\n<\/div>\n<\/div>\n<\/div>\n<div class=\"et_pb_column et_pb_column_1_2 et_pb_column_4 et_pb_css_mix_blend_mode_passthrough et-last-child\">\n<div class=\"et_pb_module et_pb_text et_pb_text_3 et_pb_text_align_left et_pb_bg_layout_light\">\n<div class=\"et_pb_text_inner\"><\/div>\n<\/div>\n<div class=\"et_pb_module et_pb_text et_pb_text_4 et_pb_text_align_left et_pb_bg_layout_light\">\n<div class=\"et_pb_text_inner\"><\/div>\n<\/div>\n<\/div>\n<\/td>\n<td style=\"width: 50%;\">\n<div class=\"et_pb_module et_pb_text et_pb_text_3 et_pb_text_align_left et_pb_bg_layout_light\">\n<div class=\"et_pb_text_inner\">\n<p><strong>Vogais:<\/strong><\/p>\n<\/div>\n<\/div>\n<div class=\"et_pb_module et_pb_text et_pb_text_4 et_pb_text_align_left et_pb_bg_layout_light\">\n<div class=\"et_pb_text_inner\">Clara Andr\u00e9s Roqueta<br \/>Melina Aparici Aznar<br \/>Donna Jackson-Maldonado<br \/>Ibon Manterola Garate<br \/>Mariela Resches<br \/>M\u00f3nica Sanz Torrent<\/div>\n<\/div>\n<\/td>\n<\/tr>\n<\/tbody>\n<\/table>\n<p>[\/et_pb_accordion_item][et_pb_accordion_item title=&#8221;Xunta AEAL 2013-2016&#8243; _builder_version=&#8221;4.16&#8243; _module_preset=&#8221;default&#8221; global_colors_info=&#8221;{}&#8221; open=&#8221;off&#8221;]<\/p>\n<table border=\"1\" style=\"border-collapse: collapse; width: 100%;\">\n<tbody>\n<tr>\n<td style=\"width: 50%;\">\n<div class=\"et_pb_column et_pb_column_1_2 et_pb_column_3 et_pb_css_mix_blend_mode_passthrough\">\n<div class=\"et_pb_module et_pb_text et_pb_text_2 et_pb_text_align_left et_pb_bg_layout_light\">\n<div class=\"et_pb_text_inner\">\n<p><strong>Presidenta:<\/strong><span> Elisabet Serrat Sellabona<\/span><\/p>\n<p><strong>Vicepresidente:<\/strong><span> <\/span>Eliseo D\u00edez Itza<\/p>\n<p><strong><span>Secretaria: Eva Aguilar Mediavilla<\/span><\/strong><\/p>\n<p><strong>Tesoureiro:<\/strong><span> <\/span>Miguel P\u00e9rez Pereira<\/p>\n<\/div>\n<\/div>\n<\/div>\n<div class=\"et_pb_column et_pb_column_1_2 et_pb_column_4 et_pb_css_mix_blend_mode_passthrough et-last-child\">\n<div class=\"et_pb_module et_pb_text et_pb_text_3 et_pb_text_align_left et_pb_bg_layout_light\">\n<div class=\"et_pb_text_inner\"><\/div>\n<\/div>\n<div class=\"et_pb_module et_pb_text et_pb_text_4 et_pb_text_align_left et_pb_bg_layout_light\">\n<div class=\"et_pb_text_inner\"><\/div>\n<\/div>\n<\/div>\n<\/td>\n<td style=\"width: 50%;\">\n<div class=\"et_pb_module et_pb_text et_pb_text_3 et_pb_text_align_left et_pb_bg_layout_light\">\n<div class=\"et_pb_text_inner\">\n<p><strong>Vogais:<\/strong><\/p>\n<\/div>\n<\/div>\n<div class=\"et_pb_module et_pb_text et_pb_text_4 et_pb_text_align_left et_pb_bg_layout_light\">\n<div class=\"et_pb_text_inner\">Margareta Algrem<br \/>Mar\u00eda Jos\u00e9 Ezeizabarrena<br \/>Carlos Gallego<br \/>Donna Jacson Maldonado<br \/>Ver\u00f3nica Mart\u00ednez<br \/>M\u00f3nica Sanz Torrent<\/div>\n<\/div>\n<\/td>\n<\/tr>\n<\/tbody>\n<\/table>\n<p>[\/et_pb_accordion_item][et_pb_accordion_item title=&#8221;Xunta AEAL 2007-2013&#8243; _builder_version=&#8221;4.16&#8243; _module_preset=&#8221;default&#8221; global_colors_info=&#8221;{}&#8221; open=&#8221;off&#8221;]<\/p>\n<table border=\"1\" style=\"border-collapse: collapse; width: 100%;\">\n<tbody>\n<tr>\n<td style=\"width: 50%;\">\n<div class=\"et_pb_column et_pb_column_1_2 et_pb_column_3 et_pb_css_mix_blend_mode_passthrough\">\n<div class=\"et_pb_module et_pb_text et_pb_text_2 et_pb_text_align_left et_pb_bg_layout_light\">\n<div class=\"et_pb_text_inner\">\n<p><strong>Presidente:<\/strong><span> <\/span>Miguel P\u00e9rez Pereira<\/p>\n<p><strong>Vicepresidenta:<\/strong><span> Itziar Idiazabal<\/span><\/p>\n<p><strong>Secretaria:<\/strong><span> M\u00f2nica Sanz-Torrent<\/span><\/p>\n<p><strong>Tesoureiro:<\/strong><span> <\/span>Eliseo D\u00edez Itza<\/p>\n<\/div>\n<\/div>\n<\/div>\n<div class=\"et_pb_column et_pb_column_1_2 et_pb_column_4 et_pb_css_mix_blend_mode_passthrough et-last-child\">\n<div class=\"et_pb_module et_pb_text et_pb_text_3 et_pb_text_align_left et_pb_bg_layout_light\">\n<div class=\"et_pb_text_inner\"><\/div>\n<\/div>\n<div class=\"et_pb_module et_pb_text et_pb_text_4 et_pb_text_align_left et_pb_bg_layout_light\">\n<div class=\"et_pb_text_inner\"><\/div>\n<\/div>\n<\/div>\n<\/td>\n<td style=\"width: 50%;\">\n<div class=\"et_pb_module et_pb_text et_pb_text_3 et_pb_text_align_left et_pb_bg_layout_light\">\n<div class=\"et_pb_text_inner\">\n<p><strong>Vogais:<\/strong><\/p>\n<\/div>\n<\/div>\n<div class=\"et_pb_module et_pb_text et_pb_text_4 et_pb_text_align_left et_pb_bg_layout_light\">\n<div class=\"et_pb_text_inner\"><span style=\"font-family: inherit; font-size: inherit;\">Eva Aguilar Mediavilla<\/span><br \/>Carlos Gallego L\u00f3pez<br \/>Donna Jackson-Maldonado<br \/>Ver\u00f3nica Mart\u00ednez L\u00f3pez<br \/>Elisabet Serrat Sellabona<\/div>\n<\/div>\n<\/td>\n<\/tr>\n<\/tbody>\n<\/table>\n<p>[\/et_pb_accordion_item][\/et_pb_accordion][\/et_pb_column][\/et_pb_row][\/et_pb_section][et_pb_section fb_built=&#8221;1&#8243; fullwidth=&#8221;on&#8221; _builder_version=&#8221;4.16&#8243; _module_preset=&#8221;default&#8221; global_colors_info=&#8221;{}&#8221;][\/et_pb_section]<\/p>\n","protected":false},"excerpt":{"rendered":"<p>Xunta directiva de AEALA Xunta Directiva da AEAL elixida na Asemblea ordinaria celebrada en Sevilla o 4 de setembro de 2025 est\u00e1 integrada por:Presidenta: Eva Aguilar Mediavilla Vicepresidenta: Alejandra Auza Benavides Secretaria: Melina Aparici Aznar Tesoureira: Ver\u00f3nica Mart\u00ednez L\u00f3pezVogais:Lloren\u00e7 Andreu BarrachinaIria Botana LoisAnny Castilla EarlsAmaia Munarriz-IbarrolaMariela ReschesDavid Salda\u00f1a Sage Presidenta: Eva Aguilar-Mediavilla Vicepresidenta: Alejandra Auza [&hellip;]<\/p>\n","protected":false},"author":1,"featured_media":0,"parent":0,"menu_order":0,"comment_status":"closed","ping_status":"closed","template":"","meta":{"_et_pb_use_builder":"on","_et_pb_old_content":"","_et_gb_content_width":"","footnotes":""},"_links":{"self":[{"href":"https:\/\/aeal.eu\/gl\/wp-json\/wp\/v2\/pages\/237215"}],"collection":[{"href":"https:\/\/aeal.eu\/gl\/wp-json\/wp\/v2\/pages"}],"about":[{"href":"https:\/\/aeal.eu\/gl\/wp-json\/wp\/v2\/types\/page"}],"author":[{"embeddable":true,"href":"https:\/\/aeal.eu\/gl\/wp-json\/wp\/v2\/users\/1"}],"replies":[{"embeddable":true,"href":"https:\/\/aeal.eu\/gl\/wp-json\/wp\/v2\/comments?post=237215"}],"version-history":[{"count":8,"href":"https:\/\/aeal.eu\/gl\/wp-json\/wp\/v2\/pages\/237215\/revisions"}],"predecessor-version":[{"id":240722,"href":"https:\/\/aeal.eu\/gl\/wp-json\/wp\/v2\/pages\/237215\/revisions\/240722"}],"wp:attachment":[{"href":"https:\/\/aeal.eu\/gl\/wp-json\/wp\/v2\/media?parent=237215"}],"curies":[{"name":"wp","href":"https:\/\/api.w.org\/{rel}","templated":true}]}}