{"id":237206,"date":"2021-05-31T16:27:35","date_gmt":"2021-05-31T16:27:35","guid":{"rendered":"https:\/\/aeal.eu\/orixes\/"},"modified":"2021-05-31T16:27:37","modified_gmt":"2021-05-31T16:27:37","slug":"orixes","status":"publish","type":"page","link":"https:\/\/aeal.eu\/gl\/orixes\/","title":{"rendered":"Orixes"},"content":{"rendered":"<p>[et_pb_section fb_built=&#8221;1&#8243; custom_padding_last_edited=&#8221;on|desktop&#8221; admin_label=&#8221;Header&#8221; _builder_version=&#8221;4.7.1&#8243; use_background_color_gradient=&#8221;on&#8221; background_color_gradient_start=&#8221;#ffffff&#8221; background_color_gradient_end=&#8221;rgba(255,255,255,0)&#8221; background_color_gradient_direction=&#8221;90deg&#8221; background_color_gradient_start_position=&#8221;15%&#8221; background_image=&#8221;https:\/\/aeal.eu\/wp-content\/uploads\/2020\/11\/johnny-mcclung-RjdoQxJ7-5k-unsplash-min.jpg&#8221; background_blend=&#8221;overlay&#8221; custom_padding=&#8221;110px||||false|false&#8221; custom_padding_tablet=&#8221;140px|0px|50px|0px|false|false&#8221; custom_padding_phone=&#8221;120px|||&#8221;][et_pb_row column_structure=&#8221;1_2,1_2&#8243; _builder_version=&#8221;3.25&#8243; max_width=&#8221;1280px&#8221; use_custom_width=&#8221;on&#8221; custom_width_px=&#8221;1280px&#8221;][et_pb_column type=&#8221;1_2&#8243; _builder_version=&#8221;3.25&#8243; custom_padding=&#8221;|||&#8221; custom_padding__hover=&#8221;|||&#8221;][et_pb_text _builder_version=&#8221;4.7.2&#8243; text_font_size=&#8221;18px&#8221; header_4_text_color=&#8221;#3e4368&#8243;]<\/p>\n<h1>ORIXES DE AEAL<\/h1>\n<p>[\/et_pb_text][\/et_pb_column][et_pb_column type=&#8221;1_2&#8243; _builder_version=&#8221;3.25&#8243; custom_padding=&#8221;|||&#8221; custom_padding__hover=&#8221;|||&#8221;][\/et_pb_column][\/et_pb_row][\/et_pb_section][et_pb_section fb_built=&#8221;1&#8243; admin_label=&#8221;About Us&#8221; _builder_version=&#8221;3.22&#8243;][et_pb_row column_structure=&#8221;1_2,1_2&#8243; _builder_version=&#8221;4.7.2&#8243; custom_padding=&#8221;||||false|false&#8221; custom_width_px=&#8221;1280px&#8221;][et_pb_column type=&#8221;1_2&#8243; _builder_version=&#8221;4.7.2&#8243; custom_padding=&#8221;2%||||false|false&#8221; custom_padding_tablet=&#8221;0px|||&#8221; custom_padding_phone=&#8221;&#8221; custom_padding_last_edited=&#8221;on|tablet&#8221; padding_tablet=&#8221;0px|||&#8221; padding_last_edited=&#8221;on|tablet&#8221; custom_padding__hover=&#8221;|||&#8221;][et_pb_text _builder_version=&#8221;4.7.2&#8243; ul_font=&#8221;||||||||&#8221; ol_font=&#8221;||||||||&#8221; header_2_font=&#8221;EB Garamond||||||||&#8221; header_2_font_size=&#8221;50px&#8221; header_2_line_height=&#8221;1.3em&#8221; header_4_text_color=&#8221;#ffdaa4&#8243; header_5_font=&#8221;||||||||&#8221; header_6_font=&#8221;||||||||&#8221; header_2_font_size_tablet=&#8221;40px&#8221; header_2_font_size_phone=&#8221;30px&#8221; header_2_font_size_last_edited=&#8221;on|phone&#8221; locked=&#8221;off&#8221;]<\/p>\n<p>Un dos primeiros fitos na conformaci\u00f3n dun espazo pr\u00f3ximo de reuni\u00f3n para quen estudamos a adquisici\u00f3n da linguaxe rem\u00f3ntase ao First International Congress of Applied Psycholinguistics, celebrado en Barcelona en xu\u00f1o de 1985, baixo a presidencia de Dr. Miguel Sigu\u00e1n. Probablemente esta foi a primeira ocasi\u00f3n na que puideron contactar os interesados na adquisici\u00f3n da linguaxe nun encontro internacional ao que asistiron prestixiosos especialistas da Psicoling\u00fc\u00edstica. Posteriormente houbo outros espazos nos que quen investigamos no \u00e1mbito da psicoling\u00fc\u00edstica evolutiva participabamos, pero ning\u00fan tan espec\u00edfico como os congresos da IASCL (International Association for the Study of Child Language). <\/p>\n<p>[\/et_pb_text][\/et_pb_column][et_pb_column type=&#8221;1_2&#8243; _builder_version=&#8221;3.25&#8243; custom_padding=&#8221;|||&#8221; custom_padding__hover=&#8221;|||&#8221;][et_pb_image src=&#8221;https:\/\/aeal.eu\/wp-content\/uploads\/2020\/11\/kaspars-upmanis-nD2WzCZrlLE-unsplash.jpg&#8221; title_text=&#8221;kaspars-upmanis-nD2WzCZrlLE-unsplash&#8221; align_tablet=&#8221;center&#8221; align_phone=&#8221;&#8221; align_last_edited=&#8221;on|desktop&#8221; _builder_version=&#8221;4.7.2&#8243;][\/et_pb_image][\/et_pb_column][\/et_pb_row][et_pb_row column_structure=&#8221;1_2,1_2&#8243; _builder_version=&#8221;4.7.2&#8243; custom_width_px=&#8221;1280px&#8221;][et_pb_column type=&#8221;1_2&#8243; _builder_version=&#8221;4.7.2&#8243; custom_padding=&#8221;||||false|false&#8221; custom_padding_tablet=&#8221;0px|||&#8221; custom_padding_phone=&#8221;&#8221; custom_padding_last_edited=&#8221;on|tablet&#8221; padding_tablet=&#8221;0px|||&#8221; padding_last_edited=&#8221;on|tablet&#8221; custom_padding__hover=&#8221;|||&#8221;][et_pb_image src=&#8221;https:\/\/aeal.eu\/wp-content\/uploads\/2020\/11\/joakim-honkasalo-DurC25GdOvk-unsplash.jpg&#8221; title_text=&#8221;joakim-honkasalo-DurC25GdOvk-unsplash&#8221; align_tablet=&#8221;center&#8221; align_phone=&#8221;&#8221; align_last_edited=&#8221;on|desktop&#8221; _builder_version=&#8221;4.7.2&#8243; animation_style=&#8221;zoom&#8221; animation_intensity_zoom=&#8221;2%&#8221;][\/et_pb_image][\/et_pb_column][et_pb_column type=&#8221;1_2&#8243; _builder_version=&#8221;4.7.2&#8243; custom_padding=&#8221;2%||||false|false&#8221; custom_padding__hover=&#8221;|||&#8221;][et_pb_text _builder_version=&#8221;4.7.2&#8243; ul_font=&#8221;||||||||&#8221; ol_font=&#8221;||||||||&#8221; header_2_font=&#8221;EB Garamond||||||||&#8221; header_2_font_size=&#8221;50px&#8221; header_2_line_height=&#8221;1.3em&#8221; header_4_text_color=&#8221;#ffdaa4&#8243; header_5_font=&#8221;||||||||&#8221; header_6_font=&#8221;||||||||&#8221; header_2_font_size_tablet=&#8221;40px&#8221; header_2_font_size_phone=&#8221;30px&#8221; header_2_font_size_last_edited=&#8221;on|phone&#8221; locked=&#8221;off&#8221;]<\/p>\n<p>Estes constitu\u00edron un excelente punto de encontro con colegas doutros pa\u00edses e pux\u00e9ronnos en contacto cunha organizaci\u00f3n internacional que re\u00fane a m\u00e1is dun milleiro de especialistas no mundo. O primeiro con certa presenza de investigadores de Espa\u00f1a foi o de Budapest (1990), e a este seguiron os de Trieste (1993), Estambul (1996), San Sebasti\u00e1n (1999), Madison (2002) e Berl\u00edn (2005). De todos eles tivo para n\u00f3s unha especial relevancia o VIII congreso da IASCL celebrado en San Sebasti\u00e1n en xullo de 1999, presidido por Itziar Idiazabal, e no que os colegas do Pa\u00eds Vasco realizaron un excelente labor que prestixiou a todos.<\/p>\n<p>[\/et_pb_text][\/et_pb_column][\/et_pb_row][et_pb_row column_structure=&#8221;1_2,1_2&#8243; _builder_version=&#8221;4.7.2&#8243; custom_width_px=&#8221;1280px&#8221;][et_pb_column type=&#8221;1_2&#8243; _builder_version=&#8221;4.7.2&#8243; custom_padding=&#8221;2%||||false|false&#8221; custom_padding_tablet=&#8221;0px|||&#8221; custom_padding_phone=&#8221;&#8221; custom_padding_last_edited=&#8221;on|tablet&#8221; padding_tablet=&#8221;0px|||&#8221; padding_last_edited=&#8221;on|tablet&#8221; custom_padding__hover=&#8221;|||&#8221;][et_pb_text _builder_version=&#8221;4.7.2&#8243; ul_font=&#8221;||||||||&#8221; ol_font=&#8221;||||||||&#8221; header_2_font=&#8221;EB Garamond||||||||&#8221; header_2_font_size=&#8221;50px&#8221; header_2_line_height=&#8221;1.3em&#8221; header_4_text_color=&#8221;#ffdaa4&#8243; header_5_font=&#8221;||||||||&#8221; header_6_font=&#8221;||||||||&#8221; header_2_font_size_tablet=&#8221;40px&#8221; header_2_font_size_phone=&#8221;30px&#8221; header_2_font_size_last_edited=&#8221;on|phone&#8221; locked=&#8221;off&#8221;]Sen d\u00fabida, as orixes m\u00e1is pr\u00f3ximas e inmediatos de AEAL \u00e1chanse na organizaci\u00f3n dunha serie de congresos sobre a adquisici\u00f3n das linguas que se falan no estado espa\u00f1ol. En setembro de 1995 organ\u00edzase en Santiago de Compostela o I Encontro Internacional sobre Adquisici\u00f3n das Linguas do Estado, do cal foi presidente Miguel P\u00e9rez Pereira. Este foi o primeiro dunha serie de Congresos que reuniron a quen estudamos a adquisici\u00f3n da linguaxe no noso contexto cultural, inclu\u00edndo nel tam\u00e9n a colegas do continente americano. Os seguintes tiveron lugar en Barcelona en 1998, sendo presidenta Carme Triad\u00f3, en M\u00e1laga en 2001, do cal foi presidente Miguel Galeote, en Salamanca en 2004, sendo presidenta \u00c1ngeles Maior, en Oviedo en setembro de 2007 baixo a presidencia de Eliseo D\u00edez Itza, en Barcelona en setembro de 2010, sendo presidentas Liliana Tolchinsky e Aurora Bel, en Bilbao en 2013, presidido por Itziar Idiazabal, en Palma en 2016 presidido por Eva Aguilar- Mediavilla, e Madrid en 2019 presidido por Vitoria Marrero.[\/et_pb_text][\/et_pb_column][et_pb_column type=&#8221;1_2&#8243; _builder_version=&#8221;3.25&#8243; custom_padding=&#8221;|||&#8221; custom_padding__hover=&#8221;|||&#8221;][et_pb_image src=&#8221;https:\/\/aeal.eu\/wp-content\/uploads\/2020\/11\/mikael-kristenson-3aVlWP-7bg8-unsplash.jpg&#8221; title_text=&#8221;mikael-kristenson-3aVlWP-7bg8-unsplash&#8221; align_tablet=&#8221;center&#8221; align_phone=&#8221;&#8221; align_last_edited=&#8221;on|desktop&#8221; _builder_version=&#8221;4.7.2&#8243;][\/et_pb_image][\/et_pb_column][\/et_pb_row][et_pb_row column_structure=&#8221;1_2,1_2&#8243; _builder_version=&#8221;4.7.2&#8243; custom_width_px=&#8221;1280px&#8221;][et_pb_column type=&#8221;1_2&#8243; _builder_version=&#8221;4.7.2&#8243; custom_padding=&#8221;||||false|false&#8221; custom_padding_tablet=&#8221;0px|||&#8221; custom_padding_phone=&#8221;&#8221; custom_padding_last_edited=&#8221;on|tablet&#8221; padding_tablet=&#8221;0px|||&#8221; padding_last_edited=&#8221;on|tablet&#8221; custom_padding__hover=&#8221;|||&#8221;][et_pb_image src=&#8221;https:\/\/aeal.eu\/wp-content\/uploads\/2020\/11\/elcarito-hPRXeiQQ4-s-unsplash.jpg&#8221; title_text=&#8221;elcarito-hPRXeiQQ4-s-unsplash&#8221; align_tablet=&#8221;center&#8221; align_phone=&#8221;&#8221; align_last_edited=&#8221;on|desktop&#8221; _builder_version=&#8221;4.7.2&#8243; animation_style=&#8221;zoom&#8221; animation_intensity_zoom=&#8221;2%&#8221;][\/et_pb_image][\/et_pb_column][et_pb_column type=&#8221;1_2&#8243; _builder_version=&#8221;4.7.2&#8243; custom_padding=&#8221;2%||||false|false&#8221; custom_padding__hover=&#8221;|||&#8221;][et_pb_text _builder_version=&#8221;4.7.2&#8243; ul_font=&#8221;||||||||&#8221; ol_font=&#8221;||||||||&#8221; header_2_font=&#8221;EB Garamond||||||||&#8221; header_2_font_size=&#8221;50px&#8221; header_2_line_height=&#8221;1.3em&#8221; header_4_text_color=&#8221;#ffdaa4&#8243; header_5_font=&#8221;||||||||&#8221; header_6_font=&#8221;||||||||&#8221; header_2_font_size_tablet=&#8221;40px&#8221; header_2_font_size_phone=&#8221;30px&#8221; header_2_font_size_last_edited=&#8221;on|phone&#8221; locked=&#8221;off&#8221;]Estes congresos foron o xerme da asociaci\u00f3n, pois permitiron xuntar a moitas persoas con intereses com\u00fans e evidenciou a necesidade dunha organizaci\u00f3n estable que fose a responsable da preparaci\u00f3n dos congresos, que ata este momento responderan a unha iniciativa bastante espont\u00e1nea. No congreso celebrado en Salamanca (2004) adoptouse a decisi\u00f3n de dar os pasos para formar a Asociaci\u00f3n para o Estudo da Adquisici\u00f3n da Linguaxe (AEAL). Aproveitando o congreso da IASCL en Berl\u00edn (2005) fixamos a data para a Asemblea Constitu\u00ednte, que tivo lugar finalmente en Santiago de Compostela o 18 de novembro de 2005. AEAL foi aprobada polo Ministerio do Interior e rexistrada no Rexistro de Asociaci\u00f3ns o 3 de febreiro de 2006.[\/et_pb_text][\/et_pb_column][\/et_pb_row][\/et_pb_section]<\/p>\n","protected":false},"excerpt":{"rendered":"<p>ORIXES DE AEALUn dos primeiros fitos na conformaci\u00f3n dun espazo pr\u00f3ximo de reuni\u00f3n para quen estudamos a adquisici\u00f3n da linguaxe rem\u00f3ntase ao First International Congress of Applied Psycholinguistics, celebrado en Barcelona en xu\u00f1o de 1985, baixo a presidencia de Dr. Miguel Sigu\u00e1n. Probablemente esta foi a primeira ocasi\u00f3n na que puideron contactar os interesados na [&hellip;]<\/p>\n","protected":false},"author":1,"featured_media":0,"parent":0,"menu_order":0,"comment_status":"closed","ping_status":"closed","template":"","meta":{"_et_pb_use_builder":"on","_et_pb_old_content":"","_et_gb_content_width":"","footnotes":""},"_links":{"self":[{"href":"https:\/\/aeal.eu\/gl\/wp-json\/wp\/v2\/pages\/237206"}],"collection":[{"href":"https:\/\/aeal.eu\/gl\/wp-json\/wp\/v2\/pages"}],"about":[{"href":"https:\/\/aeal.eu\/gl\/wp-json\/wp\/v2\/types\/page"}],"author":[{"embeddable":true,"href":"https:\/\/aeal.eu\/gl\/wp-json\/wp\/v2\/users\/1"}],"replies":[{"embeddable":true,"href":"https:\/\/aeal.eu\/gl\/wp-json\/wp\/v2\/comments?post=237206"}],"version-history":[{"count":8,"href":"https:\/\/aeal.eu\/gl\/wp-json\/wp\/v2\/pages\/237206\/revisions"}],"predecessor-version":[{"id":237214,"href":"https:\/\/aeal.eu\/gl\/wp-json\/wp\/v2\/pages\/237206\/revisions\/237214"}],"wp:attachment":[{"href":"https:\/\/aeal.eu\/gl\/wp-json\/wp\/v2\/media?parent=237206"}],"curies":[{"name":"wp","href":"https:\/\/api.w.org\/{rel}","templated":true}]}}