{"id":237170,"date":"2021-05-31T16:19:17","date_gmt":"2021-05-31T16:19:17","guid":{"rendered":"https:\/\/aeal.eu\/asociacion-para-o-estudo-da-adquisicion-da-linguaxe\/"},"modified":"2025-03-17T17:52:55","modified_gmt":"2025-03-17T17:52:55","slug":"asociacion-para-o-estudo-da-adquisicion-da-linguaxe","status":"publish","type":"page","link":"https:\/\/aeal.eu\/gl\/","title":{"rendered":"Asociaci\u00f3n para o Estudo da Adquisici\u00f3n da Linguaxe"},"content":{"rendered":"<p>          [et_pb_section fb_built=&#8221;1&#8243; custom_padding_last_edited=&#8221;on|desktop&#8221; admin_label=&#8221;Header&#8221; _builder_version=&#8221;4.16&#8243; use_background_color_gradient=&#8221;on&#8221; background_color_gradient_direction=&#8221;90deg&#8221; background_color_gradient_stops=&#8221;#ffffff 15%|rgba(255,255,255,0) 100%&#8221; background_color_gradient_start=&#8221;#ffffff&#8221; background_color_gradient_start_position=&#8221;15%&#8221; background_color_gradient_end=&#8221;rgba(255,255,255,0)&#8221; background_image=&#8221;https:\/\/aeal.eu\/wp-content\/uploads\/2020\/11\/ben-white-4K2lIP0zc_k-unsplash-min.jpg&#8221; background_blend=&#8221;overlay&#8221; custom_padding=&#8221;110px||||false|false&#8221; custom_padding_tablet=&#8221;140px|0px|50px|0px|false|false&#8221; custom_padding_phone=&#8221;120px|||&#8221; global_colors_info=&#8221;{}&#8221;]<br \/>\n            [et_pb_row column_structure=&#8221;1_2,1_2&#8243; _builder_version=&#8221;4.16&#8243; max_width=&#8221;1280px&#8221; use_custom_width=&#8221;on&#8221; custom_width_px=&#8221;1280px&#8221; global_colors_info=&#8221;{}&#8221;]<br \/>\n              [et_pb_column type=&#8221;1_2&#8243; _builder_version=&#8221;4.16&#8243; custom_padding=&#8221;|||&#8221; global_colors_info=&#8221;{}&#8221; custom_padding__hover=&#8221;|||&#8221;]<br \/>\n                [et_pb_text _builder_version=&#8221;4.16&#8243; text_font_size=&#8221;18px&#8221; header_4_text_color=&#8221;#3e4368&#8243; global_colors_info=&#8221;{}&#8221;]<\/p>\n<h1>Asociaci\u00f3n para o Estudo da Adquisici\u00f3n da Linguaxe<\/h1>\n<p>A Asociaci\u00f3n para o Estudo da Adquisici\u00f3n da Linguaxe \u00e9 unha asociaci\u00f3n cient\u00edfica internacional sen \u00e1nimo de lucro creada o 18 de novembro de 2005. As s\u00faas actividades incl\u00faen a celebraci\u00f3n peri\u00f3dica de congresos cient\u00edficos sobre adquisici\u00f3n e desenvolvemento da linguaxe. As s\u00faas actividades incl\u00faen a celebraci\u00f3n peri\u00f3dica de congresos cient\u00edficos sobre adquisici\u00f3n e desenvolvemento da linguaxe.<\/p>\n<p>                [\/et_pb_text]<br \/>\n              [\/et_pb_column]<br \/>\n              [et_pb_column type=&#8221;1_2&#8243; _builder_version=&#8221;4.16&#8243; custom_padding=&#8221;|||&#8221; global_colors_info=&#8221;{}&#8221; custom_padding__hover=&#8221;|||&#8221;][\/et_pb_column]<br \/>\n            [\/et_pb_row]<br \/>\n          [\/et_pb_section]<br \/>\n          [et_pb_section fb_built=&#8221;1&#8243; admin_label=&#8221;Courses&#8221; _builder_version=&#8221;4.16&#8243; custom_padding=&#8221;54px|0px|90px|0px|false|false&#8221; global_colors_info=&#8221;{}&#8221;]<br \/>\n            [et_pb_row _builder_version=&#8221;4.16&#8243; global_colors_info=&#8221;{}&#8221;]<br \/>\n              [et_pb_column type=&#8221;4_4&#8243; _builder_version=&#8221;4.16&#8243; custom_padding=&#8221;|||&#8221; global_colors_info=&#8221;{}&#8221; custom_padding__hover=&#8221;|||&#8221;]<br \/>\n                [et_pb_text _builder_version=&#8221;4.16&#8243; text_font=&#8221;|700|||||||&#8221; text_text_color=&#8221;rgba(0,0,0,0.02)&#8221; text_font_size=&#8221;80px&#8221; text_line_height=&#8221;0em&#8221; header_2_font_size=&#8221;50px&#8221; header_2_line_height=&#8221;1.3em&#8221; text_orientation=&#8221;center&#8221; text_font_size_tablet=&#8221;50px&#8221; text_font_size_phone=&#8221;30px&#8221; header_2_font_size_tablet=&#8221;40px&#8221; header_2_font_size_phone=&#8221;30px&#8221; header_2_font_size_last_edited=&#8221;on|phone&#8221; global_colors_info=&#8221;{}&#8221;]<\/p>\n<p>Novidades<\/p>\n<h2>Novidades<\/h2>\n<p>                [\/et_pb_text]<br \/>\n              [\/et_pb_column]<br \/>\n            [\/et_pb_row]<br \/>\n            [et_pb_row use_custom_gutter=&#8221;on&#8221; make_equal=&#8221;on&#8221; custom_padding_last_edited=&#8221;on|phone&#8221; _builder_version=&#8221;4.16&#8243; background_color=&#8221;#ffffff&#8221; max_width=&#8221;1280px&#8221; custom_padding=&#8221;60px|40px|60px|40px|true|false&#8221; custom_padding_tablet=&#8221;&#8221; custom_padding_phone=&#8221;|20px||20px||true&#8221; animation_style=&#8221;zoom&#8221; animation_intensity_zoom=&#8221;2%&#8221; border_radii=&#8221;on|12px|12px|12px|12px&#8221; box_shadow_style=&#8221;preset1&#8243; box_shadow_vertical=&#8221;50px&#8221; box_shadow_blur=&#8221;80px&#8221; box_shadow_color=&#8221;rgba(15,19,25,0.1)&#8221; use_custom_width=&#8221;on&#8221; custom_width_px=&#8221;1280px&#8221; global_colors_info=&#8221;{}&#8221;]<br \/>\n              [et_pb_column type=&#8221;4_4&#8243; _builder_version=&#8221;4.16&#8243; custom_padding=&#8221;|||&#8221; global_colors_info=&#8221;{}&#8221; custom_padding__hover=&#8221;|||&#8221;]<br \/>\n                [et_pb_blog fullwidth=&#8221;off&#8221; posts_number=&#8221;6&#8243; show_author=&#8221;off&#8221; show_pagination=&#8221;off&#8221; _builder_version=&#8221;4.18.0&#8243; _module_preset=&#8221;default&#8221; header_text_color=&#8221;#3e4368&#8243; header_font_size=&#8221;24px&#8221; header_line_height=&#8221;1.4em&#8221; meta_font=&#8221;|700|||||||&#8221; meta_text_color=&#8221;#ccd85e&#8221; read_more_font=&#8221;||||||||&#8221; read_more_text_color=&#8221;#3e4368&#8243; read_more_font_size=&#8221;18px&#8221; hover_enabled=&#8221;0&#8243; border_width_all=&#8221;0px&#8221; global_colors_info=&#8221;{}&#8221; sticky_enabled=&#8221;0&#8243;][\/et_pb_blog]<br \/>\n                [et_pb_text _builder_version=&#8221;4.16&#8243; text_font=&#8221;|700|||||||&#8221; text_text_color=&#8221;rgba(0,0,0,0.02)&#8221; text_font_size=&#8221;80px&#8221; text_line_height=&#8221;0em&#8221; header_2_font_size=&#8221;50px&#8221; header_2_line_height=&#8221;1.3em&#8221; text_orientation=&#8221;center&#8221; text_font_size_tablet=&#8221;50px&#8221; text_font_size_phone=&#8221;30px&#8221; header_2_font_size_tablet=&#8221;40px&#8221; header_2_font_size_phone=&#8221;30px&#8221; header_2_font_size_last_edited=&#8221;on|phone&#8221; global_colors_info=&#8221;{}&#8221;]<\/p>\n<p>Consulta o noso Facebook<\/p>\n<h2>Consulta o noso Facebook<\/h2>\n<p>                [\/et_pb_text]<br \/>\n                [et_pb_code _builder_version=&#8221;4.16&#8243; _module_preset=&#8221;default&#8221; global_colors_info=&#8221;{}&#8221;]<br \/>\n                  <iframe loading=\"lazy\" src=\"https:\/\/www.facebook.com\/plugins\/page.php?href=https%3A%2F%2Fwww.facebook.com%2Faealadquisicionlenguaje&amp;tabs=timeline%2C%20noticias%2C%20eventos&amp;width=500&amp;height=500&amp;small_header=false&amp;adapt_container_width=true&amp;hide_cover=false&amp;show_facepile=true&amp;appId\" width=\"500\" height=\"500\" style=\"border:none;overflow:hidden\" scrolling=\"no\" frameborder=\"0\" allowfullscreen=\"true\" allow=\"autoplay; clipboard-write; encrypted-media; picture-in-picture; web-share\"><\/iframe><br \/>\n                [\/et_pb_code]<br \/>\n              [\/et_pb_column]<br \/>\n            [\/et_pb_row]<br \/>\n          [\/et_pb_section]<br \/>\n          [et_pb_section fb_built=&#8221;1&#8243; admin_label=&#8221;Why Us&#8221; _builder_version=&#8221;4.16&#8243; global_colors_info=&#8221;{}&#8221;]<br \/>\n            [et_pb_row _builder_version=&#8221;4.16&#8243; locked=&#8221;off&#8221; global_colors_info=&#8221;{}&#8221;]<br \/>\n              [et_pb_column type=&#8221;4_4&#8243; _builder_version=&#8221;4.16&#8243; custom_padding=&#8221;|||&#8221; global_colors_info=&#8221;{}&#8221; custom_padding__hover=&#8221;|||&#8221;]<br \/>\n                [et_pb_text _builder_version=&#8221;4.16&#8243; text_font=&#8221;|700|||||||&#8221; text_text_color=&#8221;rgba(0,0,0,0.02)&#8221; text_font_size=&#8221;80px&#8221; text_line_height=&#8221;0em&#8221; header_2_font_size=&#8221;50px&#8221; header_2_line_height=&#8221;1.3em&#8221; text_orientation=&#8221;center&#8221; text_font_size_tablet=&#8221;50px&#8221; text_font_size_phone=&#8221;30px&#8221; header_2_font_size_tablet=&#8221;40px&#8221; header_2_font_size_phone=&#8221;30px&#8221; header_2_font_size_last_edited=&#8221;on|phone&#8221; global_colors_info=&#8221;{}&#8221;]<\/p>\n<p>Socios<\/p>\n<h2>Membros de honra<\/h2>\n<p>                [\/et_pb_text]<br \/>\n              [\/et_pb_column]<br \/>\n            [\/et_pb_row]<br \/>\n            [et_pb_row column_structure=&#8221;1_2,1_2&#8243; _builder_version=&#8221;4.16&#8243; _module_preset=&#8221;default&#8221; min_height=&#8221;372px&#8221; custom_margin=&#8221;|auto|-73px|auto||&#8221; global_colors_info=&#8221;{}&#8221;]<br \/>\n              [et_pb_column type=&#8221;1_2&#8243; _builder_version=&#8221;4.16&#8243; _module_preset=&#8221;default&#8221; global_colors_info=&#8221;{}&#8221;]<br \/>\n                [et_pb_team_member name=&#8221;Miquel Sigu\u00e1n&#8221; image_url=&#8221;https:\/\/aeal.eu\/wp-content\/uploads\/2020\/11\/miquel_siguan-1.jpg&#8221; _builder_version=&#8221;4.16&#8243; _module_preset=&#8221;default&#8221; header_level=&#8221;h2&#8243; header_text_color=&#8221;#3e4368&#8243; border_radii_image=&#8221;on|26px|26px|26px|26px&#8221; global_colors_info=&#8221;{}&#8221;]Homenaxe en memoria de Miquel Sigu\u00e1n, membro de honra da AEAL.[\/et_pb_team_member]<br \/>\n              [\/et_pb_column]<br \/>\n              [et_pb_column type=&#8221;1_2&#8243; _builder_version=&#8221;4.16&#8243; _module_preset=&#8221;default&#8221; global_colors_info=&#8221;{}&#8221;]<br \/>\n                [et_pb_team_member name=&#8221;Miguel P\u00e9rez Pereira&#8221; image_url=&#8221;https:\/\/aeal.eu\/wp-content\/uploads\/2022\/09\/Miguel-Perez-Pereira-1-e1663241968919.jpg&#8221; _builder_version=&#8221;4.16&#8243; _module_preset=&#8221;default&#8221; header_level=&#8221;h2&#8243; header_text_color=&#8221;#3e4368&#8243; custom_margin=&#8221;||40px|||&#8221; custom_padding=&#8221;||43px|||&#8221; border_radii_image=&#8221;on|26px|26px|26px|26px&#8221; global_colors_info=&#8221;{}&#8221;]<\/p>\n<h4>\n                    <strong>Presidente honorario da AEAL<\/strong><br \/>\n                  <\/h4>\n<p>                [\/et_pb_team_member]<br \/>\n              [\/et_pb_column]<br \/>\n            [\/et_pb_row]<br \/>\n            [et_pb_row column_structure=&#8221;1_6,1_6,1_6,1_6,1_6,1_6&#8243; _builder_version=&#8221;4.16&#8243; _module_preset=&#8221;default&#8221; global_colors_info=&#8221;{}&#8221;]<br \/>\n              [et_pb_column type=&#8221;1_6&#8243; _builder_version=&#8221;4.16&#8243; _module_preset=&#8221;default&#8221; global_colors_info=&#8221;{}&#8221;]<br \/>\n                [et_pb_team_member name=&#8221;Dan Slobin&#8221; image_url=&#8221;https:\/\/aeal.eu\/wp-content\/uploads\/2020\/11\/Slobin-1.jpg&#8221; _builder_version=&#8221;4.16&#8243; _module_preset=&#8221;default&#8221; header_level=&#8221;h2&#8243; header_text_align=&#8221;center&#8221; header_text_color=&#8221;#3e4368&#8243; border_radii_image=&#8221;on|26px|26px|26px|26px&#8221; global_colors_info=&#8221;{}&#8221;][\/et_pb_team_member]<br \/>\n              [\/et_pb_column]<br \/>\n              [et_pb_column type=&#8221;1_6&#8243; _builder_version=&#8221;4.16&#8243; _module_preset=&#8221;default&#8221; global_colors_info=&#8221;{}&#8221;]<br \/>\n                [et_pb_team_member name=&#8221;Ruth Berman&#8221; image_url=&#8221;https:\/\/aeal.eu\/wp-content\/uploads\/2020\/11\/berman-1.jpg&#8221; _builder_version=&#8221;4.16&#8243; _module_preset=&#8221;default&#8221; header_level=&#8221;h2&#8243; header_text_align=&#8221;center&#8221; header_text_color=&#8221;#3e4368&#8243; border_radii_image=&#8221;on|26px|26px|26px|26px&#8221; global_colors_info=&#8221;{}&#8221;][\/et_pb_team_member]<br \/>\n              [\/et_pb_column]<br \/>\n              [et_pb_column type=&#8221;1_6&#8243; _builder_version=&#8221;4.16&#8243; _module_preset=&#8221;default&#8221; global_colors_info=&#8221;{}&#8221;]<br \/>\n                [et_pb_team_member name=&#8221;J\u00fcrgen M. Meisel&#8221; image_url=&#8221;https:\/\/aeal.eu\/wp-content\/uploads\/2020\/12\/Meisel.jpg&#8221; _builder_version=&#8221;4.16&#8243; _module_preset=&#8221;default&#8221; header_level=&#8221;h2&#8243; header_text_align=&#8221;center&#8221; header_text_color=&#8221;#3e4368&#8243; border_radii_image=&#8221;on|26px|26px|26px|26px&#8221; global_colors_info=&#8221;{}&#8221;][\/et_pb_team_member]<br \/>\n              [\/et_pb_column]<br \/>\n              [et_pb_column type=&#8221;1_6&#8243; _builder_version=&#8221;4.16&#8243; _module_preset=&#8221;default&#8221; global_colors_info=&#8221;{}&#8221;]<br \/>\n                [et_pb_team_member name=&#8221;Catherine Snow&#8221; image_url=&#8221;https:\/\/aeal.eu\/wp-content\/uploads\/2020\/11\/catherine-snow-329.jpg&#8221; _builder_version=&#8221;4.16&#8243; _module_preset=&#8221;default&#8221; header_level=&#8221;h2&#8243; header_text_align=&#8221;center&#8221; header_text_color=&#8221;#3e4368&#8243; border_radii_image=&#8221;on|26px|26px|26px|26px&#8221; global_colors_info=&#8221;{}&#8221;][\/et_pb_team_member]<br \/>\n              [\/et_pb_column]<br \/>\n              [et_pb_column type=&#8221;1_6&#8243; _builder_version=&#8221;4.18.0&#8243; _module_preset=&#8221;default&#8221; global_colors_info=&#8221;{}&#8221;]<br \/>\n                [et_pb_team_member name=&#8221;Itziar Idiazabal&#8221; image_url=&#8221;https:\/\/aeal.eu\/wp-content\/uploads\/2022\/09\/Itziar_Idiazabal_Gorrotxategi-e1663315183224.jpg&#8221; _builder_version=&#8221;4.18.0&#8243; _module_preset=&#8221;default&#8221; header_level=&#8221;h2&#8243; header_text_align=&#8221;center&#8221; header_text_color=&#8221;#3e4368&#8243; border_radii_image=&#8221;on|26px|26px|26px|26px&#8221; locked=&#8221;off&#8221; global_colors_info=&#8221;{}&#8221;][\/et_pb_team_member]<br \/>\n              [\/et_pb_column]<br \/>\n              [et_pb_column type=&#8221;1_6&#8243; _builder_version=&#8221;4.18.0&#8243; _module_preset=&#8221;default&#8221; global_colors_info=&#8221;{}&#8221;]<br \/>\n                [et_pb_team_member name=&#8221;Miquel Serra&#8221; image_url=&#8221;https:\/\/aeal.eu\/wp-content\/uploads\/2022\/09\/miquel-serra.jpeg&#8221; _builder_version=&#8221;4.18.0&#8243; _module_preset=&#8221;default&#8221; header_level=&#8221;h2&#8243; header_text_align=&#8221;center&#8221; header_text_color=&#8221;#3e4368&#8243; border_radii_image=&#8221;on|26px|26px|26px|26px&#8221; locked=&#8221;off&#8221; global_colors_info=&#8221;{}&#8221;][\/et_pb_team_member]<br \/>\n              [\/et_pb_column]<br \/>\n            [\/et_pb_row]<br \/>\n          [\/et_pb_section]<\/p>\n","protected":false},"excerpt":{"rendered":"<p>Asociaci\u00f3n para o Estudo da Adquisici\u00f3n da Linguaxe A Asociaci\u00f3n para o Estudo da Adquisici\u00f3n da Linguaxe \u00e9 unha asociaci\u00f3n cient\u00edfica internacional sen \u00e1nimo de lucro creada o 18 de novembro de 2005. As s\u00faas actividades incl\u00faen a celebraci\u00f3n peri\u00f3dica de congresos cient\u00edficos sobre adquisici\u00f3n e desenvolvemento da linguaxe. As s\u00faas actividades incl\u00faen a celebraci\u00f3n [&hellip;]<\/p>\n","protected":false},"author":1,"featured_media":0,"parent":0,"menu_order":0,"comment_status":"closed","ping_status":"open","template":"","meta":{"_et_pb_use_builder":"on","_et_pb_old_content":"","_et_gb_content_width":"","footnotes":""},"_links":{"self":[{"href":"https:\/\/aeal.eu\/gl\/wp-json\/wp\/v2\/pages\/237170"}],"collection":[{"href":"https:\/\/aeal.eu\/gl\/wp-json\/wp\/v2\/pages"}],"about":[{"href":"https:\/\/aeal.eu\/gl\/wp-json\/wp\/v2\/types\/page"}],"author":[{"embeddable":true,"href":"https:\/\/aeal.eu\/gl\/wp-json\/wp\/v2\/users\/1"}],"replies":[{"embeddable":true,"href":"https:\/\/aeal.eu\/gl\/wp-json\/wp\/v2\/comments?post=237170"}],"version-history":[{"count":28,"href":"https:\/\/aeal.eu\/gl\/wp-json\/wp\/v2\/pages\/237170\/revisions"}],"predecessor-version":[{"id":240254,"href":"https:\/\/aeal.eu\/gl\/wp-json\/wp\/v2\/pages\/237170\/revisions\/240254"}],"wp:attachment":[{"href":"https:\/\/aeal.eu\/gl\/wp-json\/wp\/v2\/media?parent=237170"}],"curies":[{"name":"wp","href":"https:\/\/api.w.org\/{rel}","templated":true}]}}