{"id":237783,"date":"2020-11-18T14:45:12","date_gmt":"2020-11-18T14:45:12","guid":{"rendered":"https:\/\/aeal.eu\/estatutos\/"},"modified":"2021-12-21T09:15:16","modified_gmt":"2021-12-21T09:15:16","slug":"estatutuak","status":"publish","type":"page","link":"https:\/\/aeal.eu\/eu\/estatutuak\/","title":{"rendered":"Estatutuak"},"content":{"rendered":"<p>[et_pb_section fb_built=&#8221;1&#8243; custom_padding_last_edited=&#8221;on|desktop&#8221; admin_label=&#8221;Header&#8221; _builder_version=&#8221;4.7.1&#8243; use_background_color_gradient=&#8221;on&#8221; background_color_gradient_start=&#8221;#ffffff&#8221; background_color_gradient_end=&#8221;rgba(255,255,255,0)&#8221; background_color_gradient_direction=&#8221;90deg&#8221; background_color_gradient_start_position=&#8221;15%&#8221; background_image=&#8221;https:\/\/aeal.eu\/wp-content\/uploads\/2020\/11\/johnny-mcclung-RjdoQxJ7-5k-unsplash-min.jpg&#8221; background_blend=&#8221;overlay&#8221; custom_padding=&#8221;110px||||false|false&#8221; custom_padding_tablet=&#8221;140px|0px|50px|0px|false|false&#8221; custom_padding_phone=&#8221;120px|||&#8221; global_colors_info=&#8221;{}&#8221;][et_pb_row column_structure=&#8221;1_2,1_2&#8243; _builder_version=&#8221;3.25&#8243; max_width=&#8221;1280px&#8221; use_custom_width=&#8221;on&#8221; custom_width_px=&#8221;1280px&#8221; global_colors_info=&#8221;{}&#8221;][et_pb_column type=&#8221;1_2&#8243; _builder_version=&#8221;3.25&#8243; custom_padding=&#8221;|||&#8221; global_colors_info=&#8221;{}&#8221; custom_padding__hover=&#8221;|||&#8221;][et_pb_text _builder_version=&#8221;4.7.2&#8243; text_line_height=&#8221;1.5em&#8221; max_width=&#8221;100%&#8221; global_colors_info=&#8221;{}&#8221;]<\/p>\n<h1>Estatutos de la Asociaci\u00f3n para el Estudio del Lenguaje<\/h1>\n<p>[\/et_pb_text][\/et_pb_column][et_pb_column type=&#8221;1_2&#8243; _builder_version=&#8221;3.25&#8243; custom_padding=&#8221;|||&#8221; global_colors_info=&#8221;{}&#8221; custom_padding__hover=&#8221;|||&#8221;][\/et_pb_column][\/et_pb_row][\/et_pb_section][et_pb_section fb_built=&#8221;1&#8243; admin_label=&#8221;About Us&#8221; _builder_version=&#8221;3.22&#8243; global_colors_info=&#8221;{}&#8221;][et_pb_row _builder_version=&#8221;4.7.7&#8243; max_width=&#8221;1041px&#8221; module_alignment=&#8221;center&#8221; custom_width_px=&#8221;1280px&#8221; global_colors_info=&#8221;{}&#8221;][et_pb_column type=&#8221;4_4&#8243; _builder_version=&#8221;4.7.2&#8243; custom_padding=&#8221;||||false|false&#8221; custom_padding_tablet=&#8221;0px|||&#8221; custom_padding_phone=&#8221;&#8221; custom_padding_last_edited=&#8221;on|tablet&#8221; global_colors_info=&#8221;{}&#8221; padding_tablet=&#8221;0px|||&#8221; padding_last_edited=&#8221;on|tablet&#8221; custom_padding__hover=&#8221;|||&#8221; padding_phone=&#8221;0px|||&#8221;][et_pb_text _builder_version=&#8221;4.7.7&#8243; text_line_height=&#8221;1.5em&#8221; max_width=&#8221;100%&#8221; locked=&#8221;off&#8221; global_colors_info=&#8221;{}&#8221;]<\/p>\n<h2><strong>I. KAPITULUA<\/strong><\/h2>\n<p>IZENA, HELBURUAK, HELBIDEA ETA EREMUA:<\/p>\n<ol>\n<li><strong> artikulua.\u00a0<\/strong>Asociaci\u00f3n para el Estudio de la Adquisici\u00f3n del Lenguaje (AEAL\u00a0)\u00a0\u00a0(Asociaci\u00f3n para o Estudio da Adquisici\u00f3n da Linguaxe; Associaci\u00f3 per a l&#8217;Estudi de l&#8217;Adquisici\u00f3 del Llenguatge; Hizkuntza Jabekuntza Ikasketen Elkartea) izeneko\u00a0ELKARTE\u00a0bat eratzen da,\u00a0martxoaren 22ko 1\/2002 Lege Organikoaren eta arau osagarrien babespean, nortasun juridikoa eta jarduteko ahalmen osoa duena, eta irabazi asmorik gabea dena.<\/li>\n<li><strong> artikulua.\u00a0<\/strong>Elkarte hau denbora-mugarik gabe eratzen da.<\/li>\n<\/ol>\n<p><strong>3. artikulua\u00a0<\/strong>.\u00a0Elkarte honen existentziak honako helburu hauek ditu:<\/p>\n<p>[\/et_pb_text][et_pb_text _builder_version=&#8221;4.14.1&#8243; _module_preset=&#8221;default&#8221; text_line_height=&#8221;1.5em&#8221; max_width=&#8221;100%&#8221; custom_padding=&#8221;|||5%|false|false&#8221; global_colors_info=&#8221;{}&#8221;]<\/p>\n<p>1) Hizkuntzaren jabekuntzaren eta garapenaren azterketa sustatzea egoera elebakar, elebidun zein eleaniztunetan. Elkartearen lehentasunezko arreta izango da gaztelania, katalana, galiziera eta euskara haurrek nola ikasten dituzten eta ondoren nola garatzen dituzten hobeto ezagutzea ahalbidetzen duten ikerketak bultzatzea.<\/p>\n<p>2)\u00a0Aztertzea hizkuntza garapenak bestelako prozesu psikologiko, soziokultural, biologiko eta hezitzaile batzuekin, zein hizkuntzen ezaugarriekin dituen harremanak.<\/p>\n<p>3) Ahozko hizkuntzaren garapenaren eta hizkuntza idatziaren edo beste komunikazio sistema batzuen ikaskuntzaren arteko harremanen ezagutza sustatzea.<\/p>\n<p>4) Hizkuntza arazoen eta zailtasunen jabekuntzari eta garapenari buruzko ezagutzari, zein esku hartze egokirako teknikei ekarpenak egitea.<\/p>\n<p>5) Hizkuntzaren jabekuntza eta garapenari buruzko ezagutza zientifikoa zabaltzea.<\/p>\n<p>6) Hizkuntzaren jabekuntza eta garapena aztertzen duten ikertzaileen artean harreman zientifikoa, komunikazioa eta lankidetza sustatzea.<\/p>\n<p>7) Lehen hizkuntzaren zein bigarren hizkuntzen ikaskuntza eta garapenaz aholkularitza espezializatua behar duten erakundeei aholkua ematea.<\/p>\n<p>[\/et_pb_text][et_pb_text _builder_version=&#8221;4.14.1&#8243; _module_preset=&#8221;default&#8221; text_line_height=&#8221;1.5em&#8221; max_width=&#8221;100%&#8221; global_colors_info=&#8221;{}&#8221;]<\/p>\n<p><strong><\/strong><strong>4. artikulua.\u00a0<\/strong>Helburu horiek betetzeko, honako jarduera hauek egingo dira:<\/p>\n<p>[\/et_pb_text][et_pb_text _builder_version=&#8221;4.14.1&#8243; _module_preset=&#8221;default&#8221; text_line_height=&#8221;1.5em&#8221; max_width=&#8221;100%&#8221; custom_padding=&#8221;|||5%|false|false&#8221; global_colors_info=&#8221;{}&#8221;]<\/p>\n<p>1)\u00a0Hizkuntzaren jabekuntzari eta garapenari buruzko aldian aldiko kongresu zientifikoak egin.\u00a0\u00a0\u00a0\u00a0\u00a0<\/p>\n<p>2)\u00a0Gaikako topaketak, mintegiak eta jardunaldiak antolatu edo sustatu.\u00a0\u00a0\u00a0\u00a0\u00a0<\/p>\n<p>3)\u00a0Albisteen eta jardueren berri ematen duen bazkideentzako buletina prestatu, editatu eta zabaldu.\u00a0\u00a0\u00a0\u00a0\u00a0<\/p>\n<p>4) Hizkuntzaren jabekuntzari eta garapenari buruzko aldizkari zientifikoa argitaratu.\u00a0\u00a0\u00a0\u00a0\u00a0<\/p>\n<p>5)\u00a0Antzeko helburuak dituzten beste elkarte batzuekin harremanak eta lankidetzak ezarri.\u00a0\u00a0\u00a0\u00a0\u00a0<\/p>\n<p>6)\u00a0Elkartearen web orria sortu, interesa dutenekin komunikazioa errazteko.\u00a0\u00a0\u00a0\u00a0\u00a0<\/p>\n<p>7) Elkarteak bere jarduera guztietan sustatuko du Espainiako Estatuko hizkuntza ofizial guztien presentzia.\u00a0<\/p>\n<p>[\/et_pb_text][et_pb_text _builder_version=&#8221;4.14.1&#8243; _module_preset=&#8221;default&#8221; text_line_height=&#8221;1.5em&#8221; max_width=&#8221;100%&#8221; hover_enabled=&#8221;0&#8243; global_colors_info=&#8221;{}&#8221; sticky_enabled=&#8221;0&#8243;]<\/p>\n<p><strong><\/strong><strong>5. artikulua.\u00a0<\/strong>Elkarteak hemen ezarri du egoitza soziala: <span>Palma, Instituto de Investigaci\u00f3n e Innovaci\u00f3n Educativa \u2013 Universitat de les Illes Balears \u2013 Ctra. Valldemossa, Km. 7,5 \u2013 07122<\/span>. Nagusiki Estatuko lurralde osoan egingo ditu bere jarduerak, baita nazioartean ere, Iberoamerikan arreta berezia jarrita.<\/p>\n<p>[\/et_pb_text][et_pb_text _builder_version=&#8221;4.14.1&#8243; _module_preset=&#8221;default&#8221; text_line_height=&#8221;1.5em&#8221; max_width=&#8221;100%&#8221; global_colors_info=&#8221;{}&#8221;]<\/p>\n<h2>II KAPITULUA<\/h2>\n<p>ORDEZKARITZA ORGANOA<\/p>\n<ol start=\"6\">\n<li><strong> artikulua.\u00a0<\/strong>Elkartea Zuzendaritza Batzordeak zuzendu eta ordezkatuko du, honakoek osatua: presidentea, presidenteordea, idazkaria, diruzaina eta 6 kide.\u00a0Zuzendaritza Batzordea osatzen duten kargu guztiak doakoak izango dira.\u00a0Hauek Batzar Nagusiak izendatu eta baliogabetuko ditu eta haien agintaldia 3 urtekoa izango da, eta bigarren agintaldi baterako berritu ahal izango da.<\/li>\n<li><strong> artikulua.\u00a0<\/strong>Batzordekideei baja eman ahal izango zaie Zuzendaritza Batzordeari idatziz jakinarazitako borondatezko ukoagatik, agindutako betebeharrak ez betetzeagatik eta agintaldia amaitzeagatik.<\/li>\n<li><strong> artikulua.\u00a0<\/strong>Aukeratutako agintaldia agortu duten Zuzendaritza Batzordeko kideek funtzioetan beren karguak betetzen jarraituko dute haiek ordezkatzen dituztenak onartzen diren unera arte.<\/li>\n<li><strong> artikulua.\u00a0<\/strong>Lehendakariak erabakitzen duen guztietan bilduko da Zuzendaritza Batzordea, baita kideen herenak hala eskatzen duenean ere. Kideen erdiak gehi bat bertaratzen direnean eratuko da Zuzendaritza Batzordea, eta erabakiak baliozkoak izan daitezen, botoen gehiengoz hartu beharko dira. Berdinketa gertatuz gero, lehendakariaren botoa kalitatezkoa izango da.<\/li>\n<li><strong> artikulua.\u00a0<\/strong>Zuzendaritza Batzordearen eskumenak: Zuzendaritza Batzordearen eskumenak, orokorrean, elkartearen helburuetarako egokiak diren egintza guztietara hedatuko dira, baldin eta Estatutu hauen arabera Batzar Nagusiaren berariazko baimena eskatzen ez badute.<\/li>\n<\/ol>\n<p>Bereziki hauek dira Zuzendaritza Batzordearen eskumenak:<\/p>\n<p>&nbsp;<\/p>\n<p>[\/et_pb_text][et_pb_text _builder_version=&#8221;4.14.1&#8243; _module_preset=&#8221;default&#8221; text_line_height=&#8221;1.5em&#8221; max_width=&#8221;100%&#8221; custom_padding=&#8221;|||5%|false|false&#8221; global_colors_info=&#8221;{}&#8221;]<\/p>\n<p>a) Jarduera sozialak zuzentzea eta Elkartearen kudeaketa ekonomikoa eta administratiboa burutzea, dagozkion kontratuak eta ekitaldiak egitea adostuz.<\/p>\n<p>b) Batzar Nagusiaren akordioak gauzatzea.<\/p>\n<p>c) Balantzea eta Urteko Kontuak formulatu eta Batzar Nagusiaren onarpenerako aurkeztea.<\/p>\n<p>d) Elkarteko kide berrien onarpena ebatzi.<\/p>\n<p>e) Elkarteko jarduera jakinetarako ordezkariak izendatzea.<\/p>\n<p>f) Bazkideen Batzar Nagusiaren eskumen esklusiboa ez den beste edozein ahalmen.<\/p>\n<p>[\/et_pb_text][et_pb_text _builder_version=&#8221;4.14.1&#8243; _module_preset=&#8221;default&#8221; text_line_height=&#8221;1.5em&#8221; max_width=&#8221;100%&#8221; global_colors_info=&#8221;{}&#8221;]<\/p>\n<ol start=\"11\">\n<li><strong> artikulua.\u00a0<\/strong>Lehendakariak eskumen hauek izango ditu: Elkartea legez ordezkatzea era guztietako erakunde publiko edo pribatuen aurrean;\u00a0Batzar Nagusiak eta Zuzendaritza Batzordeak egindako saioak deitu, zuzendu eta bertan behera uztea, baita bien deliberazioak zuzentzea ere;\u00a0ordainketak agintzea eta agiriak, aktak eta gutunak bere sinadurarekin baimentzea; premiazkoa den edozein neurri hartzea, baldin eta elkartearen martxa onerako edo elkartearen jardueretarako beharrezkoa edo komenigarria bada, gero Zuzendaritza Batzordeari horren berri ematea baztertu gabe.<\/li>\n<li><strong> artikulua<\/strong>. Lehendakariordeak lehendakaria ordezkatuko du hura ez dagoenean, gaixotasuna edo beste edozein arrazoi dela medio, eta haren eskumen berberak izango ditu.<\/li>\n<li><strong> artikulua.\u00a0<\/strong>Idazkariak elkartearen administrazio-lan hutsak zuzenduko ditu, ziurtagiriak egingo ditu, elkartearen liburuak, legez ezarritako elkartekideen fitxategia eta entitatearen dokumentazioa eramango ditu, eta erakundearen dokumentazioa zainduko du, Zuzendaritza Batzordeak izendatzeari buruzko komunikazioak eta kasuan kasuko erregistroei inskriba dakizkiekeen gainerako sozietate-erabakiak gauzatuz, bai eta agiri-betebeharrak betetzen direla ere, legeak ezarritakoaren arabera.<\/li>\n<li><strong> artikulua.\u00a0<\/strong>Diruzainak Elkartearen funtsak bildu eta zainduko ditu eta presidenteak emandako ordainketa aginduak beteko ditu.<\/li>\n<li><strong> artikulua<\/strong>. Kideek Zuzendaritza Batzordeko kide gisa duten karguari dagozkion betebeharrak izango dituzte, bai eta Batzordeak berak agintzen dizkien ordezkaritzetatik edo lan-batzordeetatik sortutakoak ere.<\/li>\n<\/ol>\n<p><strong>16. artikulua.<\/strong> Zuzendaritza Batzordeko edozein kideren agintaldian sor daitezkeen lanpostu hutsak behin-behinean beteko dituzte kide horiek, horretarako deitutako Batzar Orokorrak behin betiko hautatzen dituen arte.<\/p>\n<p>[\/et_pb_text][et_pb_text _builder_version=&#8221;4.14.1&#8243; _module_preset=&#8221;default&#8221; text_line_height=&#8221;1.5em&#8221; max_width=&#8221;100%&#8221; global_colors_info=&#8221;{}&#8221;]<\/p>\n<p><strong>III KAPITULUA<\/strong><\/p>\n<p><strong>BATZAR NAGUSIA<\/strong><\/p>\n<ol start=\"17\">\n<li><strong> artikulua.\u00a0<\/strong>Batzar Nagusia Elkargoko gobernu organo gorena da eta bazkide guztiek osatuko dute.<\/li>\n<li><strong> artikulua.\u00a0<\/strong>Batzar Nagusiko bilerak ohikoak eta ezohikoak izango dira.\u00a0Ohikoa urtean behin egingo da ekitaldia itxi eta hurrengo lau hilabeteetan;\u00a0ezohikoak egoerak hala aholkatzen duenean ospatuko dira, bai lehendakariaren iritziz,\u00a0bai Zuzendaritza Batzordeak adosten duenean edo baita ere elkartekideen hamarrenak idatziz proposatzen duenean.<\/li>\n<li><strong> artikulua<\/strong>. Batzar Nagusien deialdia idatziz egingo da,\u00a0bilkura egiteko\u00a0tokia, eguna eta ordua adieraziz,\u00a0baita eztabaidatuko den gai-zerrenda ere.\u00a0Gutxienez hamabost egun egon behar dira deialdiaren eta Batzarra lehenengo deialdian egiteko egunaren artean finkatutako egunaren artean. Halaber, Batzarra bigarren deialdian zein egun eta ordutan bilduko den jasota gera daiteke deialdian, hala badagokio; bi deialdien artean ezin izango da ordubete baino epe laburragoa egon.<\/li>\n<li><strong> artikulua\u00a0<\/strong>Batzar Nagusiak, ohikoak zein ezohikoak, baliozko eratuko dira lehen deialdian boto eskubidea duten elkartekideen herenak bertaratzen direnean, eta bigarren deialdian boto eskubidea duten elkartekideen kopurua edozein dela ere.<\/li>\n<\/ol>\n<p>Erabakiak bertaratutako edo ordezkatutako pertsonen gehiengo soilez hartuko dira, baiezko botoek ezezkoak gainditzen dituztenean. Ondorio horietarako, ez dira zenbatuko boto baliogabeak, zuriak eta abstentzioak.<\/p>\n<p>Bertaratutako edo ordezkatutako pertsonen gehiengo kualifikatua baiezko botoak bertaratutakoen edo ordezkatutakoen erdia baino gehiago direnean izango da eta beharrezkoa izango da honako hauetarako:<\/p>\n<p>[\/et_pb_text][et_pb_text _builder_version=&#8221;4.14.1&#8243; _module_preset=&#8221;default&#8221; text_line_height=&#8221;1.5em&#8221; max_width=&#8221;100%&#8221; custom_padding=&#8221;|||5%|false|false&#8221; global_colors_info=&#8221;{}&#8221;]<\/p>\n<p>a)\u00a0Entitatea desegitea.<\/p>\n<p>b)\u00a0Estatutuak aldatzea.<\/p>\n<p>c)\u00a0Ibilgetua osatzen duten ondasunak xedatzea edo besterentzea.<\/p>\n<p>d)\u00a0Ordezkaritza organoko kideen ordainsaria.<\/p>\n<p>e)\u00a0Elkarteen Federazio bat eratzea.<\/p>\n<p>f)\u00a0Beste elkarte batean integratzea edo harekin lotzea.<\/p>\n<p>[\/et_pb_text][et_pb_text _builder_version=&#8221;4.14.1&#8243; _module_preset=&#8221;default&#8221; text_line_height=&#8221;1.5em&#8221; max_width=&#8221;100%&#8221; global_colors_info=&#8221;{}&#8221;]<\/p>\n<p><strong><\/strong><strong>21. artikulua. <\/strong>Batzar Nagusiaren eskumenak hauek dira:<\/p>\n<p>[\/et_pb_text][et_pb_text _builder_version=&#8221;4.14.1&#8243; _module_preset=&#8221;default&#8221; text_line_height=&#8221;1.5em&#8221; max_width=&#8221;100%&#8221; custom_padding=&#8221;|||5%|false|false&#8221; global_colors_info=&#8221;{}&#8221;]<\/p>\n<p>a)\u00a0Zuzendaritza Batzordearen kudeaketa onartzea.<\/p>\n<p>b)\u00a0Urteko kontuak aztertu eta onartzea.<\/p>\n<p>c)\u00a0Zuzendaritza Batzordeko kideak aukeratzea.<\/p>\n<p>d)\u00a0Ohiko edo ezohiko kuotak ezartzea.<\/p>\n<p>e)\u00a0Elkartea desegitea.<\/p>\n<p>f)\u00a0Estatutuak aldatzea.<\/p>\n<p>g)\u00a0Aktiboak xedatzea edo besterentzea.<\/p>\n<p>h)\u00a0Ordezkaritza organoetako kideen ordainsaria adostea, hala badagokio.<\/p>\n<p>i)\u00a0Beste organo sozial bati egotzitako eskumena ez den beste edozein.\u00a0<\/p>\n<p>[\/et_pb_text][et_pb_text _builder_version=&#8221;4.14.1&#8243; _module_preset=&#8221;default&#8221; text_line_height=&#8221;1.5em&#8221; max_width=&#8221;100%&#8221; global_colors_info=&#8221;{}&#8221;]<\/p>\n<p><strong><\/strong><strong>22. artikulua. <\/strong>Horretarako deitutako ezohiko batzar orokorraren erabakia behar dute honako hauek:<\/p>\n<p>[\/et_pb_text][et_pb_text _builder_version=&#8221;4.14.1&#8243; _module_preset=&#8221;default&#8221; text_line_height=&#8221;1.5em&#8221; max_width=&#8221;100%&#8221; custom_padding=&#8221;|||5%|false|false&#8221; global_colors_info=&#8221;{}&#8221;]<\/p>\n<p>a)\u00a0Estatutuak aldatzea.<\/p>\n<p>1 Estatutuak aldatzeko erabakia beharko da, eta batzarrean onartutako urteko kontuetan jasota egon beharko du 11.5 LO 1\/2002 art.<\/p>\n<p>b) Elkartea desegitea.<\/p>\n<p>[\/et_pb_text][et_pb_text _builder_version=&#8221;4.14.1&#8243; _module_preset=&#8221;default&#8221; text_line_height=&#8221;1.5em&#8221; max_width=&#8221;100%&#8221; global_colors_info=&#8221;{}&#8221;]<\/p>\n<p><strong>IV KAPITULUA<\/strong><\/p>\n<p><strong>BAZKIDEAK<\/strong><\/p>\n<ol start=\"23\">\n<li><strong> artikulua.\u00a0<\/strong>Elkarteko kide izan ahalko dute, jarduteko gaitasuna izanik, Elkartearen helburuak garatzeko interesa dutenek eta helburuoi ekarpenak egiteko gaitasuna dutenek.<\/li>\n<\/ol>\n<p><strong>24. artikulua<\/strong>. Elkartearen barruan bazkide mota hauek egongo dira:<\/p>\n<p>[\/et_pb_text][et_pb_text _builder_version=&#8221;4.14.1&#8243; _module_preset=&#8221;default&#8221; text_line_height=&#8221;1.5em&#8221; max_width=&#8221;100%&#8221; custom_padding=&#8221;|||5%|false|false&#8221; global_colors_info=&#8221;{}&#8221;]<\/p>\n<p>a)\u00a0Kide sortzaileak, Elkartearen eraketa aktan parte hartuko dutenak.<\/p>\n<p>b)\u00a0Bazkide\u00a0osoak, Elkartea sortu ondoren sartuko direnak.<\/p>\n<p>c)\u00a0Ohorezko bazkideak, duten prestigioagatik edo Elkartea duintzeko eta garatzeko ekarpen nabarmena egin dutelako, sari hori jasotzen dutenak.\u00a0Ohorezko kideen izendapena Batzar Nagusiari dagokio.<\/p>\n<p>[\/et_pb_text][et_pb_text _builder_version=&#8221;4.14.1&#8243; _module_preset=&#8221;default&#8221; text_line_height=&#8221;1.5em&#8221; max_width=&#8221;100%&#8221; global_colors_info=&#8221;{}&#8221;]<\/p>\n<p><strong><\/strong><strong>25. artikulua.\u00a0<\/strong>Bazkideek baja hartuko dute honako arrazoi hauetako bat dela eta:<\/p>\n<p>[\/et_pb_text][et_pb_text _builder_version=&#8221;4.14.1&#8243; _module_preset=&#8221;default&#8221; text_line_height=&#8221;1.5em&#8221; max_width=&#8221;100%&#8221; custom_padding=&#8221;|||5%|false|false&#8221; global_colors_info=&#8221;{}&#8221;]<\/p>\n<p>a) Borondatezko ukoagatik, Zuzendaritza Batzordeari idatziz jakinarazita.<\/p>\n<p>b) Betebehar ekonomikoak ez betetzeagatik, aldizkako 2 kuota ordaintzeari uzten badio.\u00a0<\/p>\n<p>[\/et_pb_text][et_pb_text _builder_version=&#8221;4.14.1&#8243; _module_preset=&#8221;default&#8221; text_line_height=&#8221;1.5em&#8221; max_width=&#8221;100%&#8221; global_colors_info=&#8221;{}&#8221;]<\/p>\n<p><strong><\/strong><strong>26. artikulua.<\/strong> Bazkide osoek eta sortzaileek eskubide hauek izango dituzte:\u00a0<\/p>\n<p>[\/et_pb_text][et_pb_text _builder_version=&#8221;4.14.1&#8243; _module_preset=&#8221;default&#8221; text_line_height=&#8221;1.5em&#8221; max_width=&#8221;100%&#8221; custom_padding=&#8221;|||5%|false|false&#8221; global_colors_info=&#8221;{}&#8221;]<\/p>\n<p>a)\u00a0Elkarteak bere helburuak betetzeko antolatzen dituen jarduera guztietan parte hartzea.<\/p>\n<p>b)\u00a0Elkarteak lor ditzakeen abantaila eta onura guztiez gozatzea.<\/p>\n<p>c)\u00a0Batzarretan hitza hartzea eta bozka ematea.<\/p>\n<p>d)\u00a0Zuzendaritza karguetarako hautesle eta hautagai izatea.<\/p>\n<p>e)\u00a0Elkarteko organoek hartutako akordioei buruzko informazioa jasotzea.<\/p>\n<p>f)\u00a0Zuzendaritza Batzordeko kideei iradokizunak egitea, Elkartearen helburuak hobeto betetzeko.\u00a0<\/p>\n<p>[\/et_pb_text][et_pb_text _builder_version=&#8221;4.14.1&#8243; _module_preset=&#8221;default&#8221; text_line_height=&#8221;1.5em&#8221; max_width=&#8221;100%&#8221; global_colors_info=&#8221;{}&#8221;]<\/p>\n<p><strong><\/strong><strong>27. artikulua.\u00a0<\/strong>Bazkide sortzaileek eta osoek betebehar hauek izango dituzte:<\/p>\n<p>[\/et_pb_text][et_pb_text _builder_version=&#8221;4.14.1&#8243; _module_preset=&#8221;default&#8221; text_line_height=&#8221;1.5em&#8221; max_width=&#8221;100%&#8221; custom_padding=&#8221;|||5%|false|false&#8221; global_colors_info=&#8221;{}&#8221;]<\/p>\n<p>a)\u00a0Estatutu hauek eta batzarren eta Zuzendaritza Batzordearen baliozko erabakiak betetzea.<\/p>\n<p>b)\u00a0Ezartzen diren tasak ordaintzea.<\/p>\n<p>c)\u00a0Batzarretara eta antolatzen diren bestelako ekitaldietara joatea.<\/p>\n<p>d)\u00a0Betetzen duten karguaren berezko betebeharrak betetzea, hala dagokienean.<\/p>\n<p>[\/et_pb_text][et_pb_text _builder_version=&#8221;4.14.1&#8243; _module_preset=&#8221;default&#8221; text_line_height=&#8221;1.5em&#8221; max_width=&#8221;100%&#8221; global_colors_info=&#8221;{}&#8221;]<\/p>\n<ol start=\"28\">\n<li><strong> artikulua.\u00a0<\/strong>Ohorezko bazkideek bazkide sortzaileen eta osoen betebehar berberak izango dituzte, aurreko artikuluko b) eta d) ataletan aurreikusitakoak izan ezik.<\/li>\n<\/ol>\n<p>Era berean, eskubide berberak izango dituzte 26. artikuluko c) eta d) ataletan agertzen direnak izan ezik, eta batzarretan bozkatzeko eskubiderik gabe parte hartu ahal izango dute.<\/p>\n<p><strong>29. artikulua\u00a0<\/strong>Honako hauek izango dira Elkartearen helburuak eta jarduerak garatzeko aurreikusitako baliabide ekonomikoak:<\/p>\n<p>[\/et_pb_text][et_pb_text _builder_version=&#8221;4.14.1&#8243; _module_preset=&#8221;default&#8221; text_line_height=&#8221;1.5em&#8221; max_width=&#8221;100%&#8221; custom_padding=&#8221;|||5%|false|false&#8221; global_colors_info=&#8221;{}&#8221;]<\/p>\n<p>a)\u00a0Bazkideen kuotak, aldizkakoak edo ezohikoak.<\/p>\n<p>b)\u00a0Elkartekideek edo hirugarrenek elkarteari legez eman diezazkioketen diru-laguntzak, dohaintzak, legatuak edo jaraunspenak.<\/p>\n<p>C) Zilegizkoa den beste edozein baliabide.<\/p>\n<p>[\/et_pb_text][et_pb_text _builder_version=&#8221;4.14.1&#8243; _module_preset=&#8221;default&#8221; text_line_height=&#8221;1.5em&#8221; max_width=&#8221;100%&#8221; global_colors_info=&#8221;{}&#8221;]<\/p>\n<ol start=\"30\">\n<li><strong> artikulua.\u00a0<\/strong>Elkarteak ez du Gizarte Funtsik eratzen den unean.<\/li>\n<li><strong> artikulua.\u00a0<\/strong>Elkarte- eta ekonomia-ekitaldia urterokoa izango da, eta urte bakoitzeko abenduaren 31n itxiko da.<\/li>\n<li><strong> KAPITULUA<\/strong><\/li>\n<\/ol>\n<p><strong>DISOLUZIOA<\/strong><\/p>\n<ol start=\"32\">\n<li><strong> artikulua.\u00a0<\/strong>Bere borondatez desegingo da, horretarako deitutako Ezohiko Batzar Orokorrak hala erabakitzen duenean, estatutu hauetako 20. artikuluan xedatutakoaren arabera.<\/li>\n<li><strong> artikulua.\u00a0<\/strong>Deseginez gero, likidatzeko batzorde bat izendatuko da, eta horrek, zorrak azkendu ondoren, eta soberakin likidorik izanez gero, irabazi-asmorik gabeko izaera desitxuratzen ez duten helburuetarako erabiliko du.<\/li>\n<\/ol>\n<p><strong>XEDAPEN\u00a0GEHIGARRIA<\/strong><\/p>\n<p>Estatutu hauetan aurreikusten ez den guztian, Elkartzeko Eskubidea arautzen duen martxoaren 22ko 1\/2002 Lege Organikoa eta xedapen osagarriak aplikatuko dira.<\/p>\n<p>Santiago de Compostelan,\u00a02005eko\u00a0azaroaren\u00a018an\u00a0.<\/p>\n<p>(Fundazio-aktaren egileen sinadurak. Estatutuetako orri bakoitzaren marjinan ere sinatu beharko dute).<\/p>\n<p>[\/et_pb_text][et_pb_text _builder_version=&#8221;4.14.1&#8243; _module_preset=&#8221;default&#8221; text_line_height=&#8221;1.5em&#8221; max_width=&#8221;100%&#8221; global_colors_info=&#8221;{}&#8221;]<\/p>\n<p>D. Miguel P\u00e9rez Pereira<\/p>\n<p>D\u00f1a. Itziar Idiazabal Gorrotxategi<\/p>\n<p>D. Eliseo Diez Itza<\/p>\n<p>D\u00f1a. Elisabet Serrat Sellabona<\/p>\n<p>&nbsp;<\/p>\n<p>&nbsp;<\/p>\n<p><em>Estatutuak aldatzea<br \/><\/em><\/p>\n<p>&nbsp;<\/p>\n<p>Palman, 2021eko urriaren 4an. <\/p>\n<p>Eliseo D\u00edez Itza jauna, lehendakaria<\/p>\n<p>Eva Aguilar Mediavilla andrea, idazkaria<\/p>\n<p>[\/et_pb_text][\/et_pb_column][\/et_pb_row][\/et_pb_section]<\/p>\n","protected":false},"excerpt":{"rendered":"<p>Estatutos de la Asociaci\u00f3n para el Estudio del LenguajeI. KAPITULUA IZENA, HELBURUAK, HELBIDEA ETA EREMUA: artikulua.\u00a0Asociaci\u00f3n para el Estudio de la Adquisici\u00f3n del Lenguaje (AEAL\u00a0)\u00a0\u00a0(Asociaci\u00f3n para o Estudio da Adquisici\u00f3n da Linguaxe; Associaci\u00f3 per a l&#8217;Estudi de l&#8217;Adquisici\u00f3 del Llenguatge; Hizkuntza Jabekuntza Ikasketen Elkartea) izeneko\u00a0ELKARTE\u00a0bat eratzen da,\u00a0martxoaren 22ko 1\/2002 Lege Organikoaren eta arau osagarrien babespean, [&hellip;]<\/p>\n","protected":false},"author":1,"featured_media":0,"parent":0,"menu_order":0,"comment_status":"closed","ping_status":"closed","template":"","meta":{"_et_pb_use_builder":"on","_et_pb_old_content":"<!-- wp:divi\/placeholder \/-->","_et_gb_content_width":"","footnotes":""},"_links":{"self":[{"href":"https:\/\/aeal.eu\/eu\/wp-json\/wp\/v2\/pages\/237783"}],"collection":[{"href":"https:\/\/aeal.eu\/eu\/wp-json\/wp\/v2\/pages"}],"about":[{"href":"https:\/\/aeal.eu\/eu\/wp-json\/wp\/v2\/types\/page"}],"author":[{"embeddable":true,"href":"https:\/\/aeal.eu\/eu\/wp-json\/wp\/v2\/users\/1"}],"replies":[{"embeddable":true,"href":"https:\/\/aeal.eu\/eu\/wp-json\/wp\/v2\/comments?post=237783"}],"version-history":[{"count":6,"href":"https:\/\/aeal.eu\/eu\/wp-json\/wp\/v2\/pages\/237783\/revisions"}],"predecessor-version":[{"id":238830,"href":"https:\/\/aeal.eu\/eu\/wp-json\/wp\/v2\/pages\/237783\/revisions\/238830"}],"wp:attachment":[{"href":"https:\/\/aeal.eu\/eu\/wp-json\/wp\/v2\/media?parent=237783"}],"curies":[{"name":"wp","href":"https:\/\/api.w.org\/{rel}","templated":true}]}}