{"id":237396,"date":"2021-06-08T14:54:42","date_gmt":"2021-06-08T14:54:42","guid":{"rendered":"https:\/\/aeal.eu\/origins\/"},"modified":"2021-06-08T14:54:47","modified_gmt":"2021-06-08T14:54:47","slug":"origins","status":"publish","type":"page","link":"https:\/\/aeal.eu\/en\/origins\/","title":{"rendered":"Origins"},"content":{"rendered":"<p>[et_pb_section fb_built=&#8221;1&#8243; custom_padding_last_edited=&#8221;on|desktop&#8221; admin_label=&#8221;Header&#8221; _builder_version=&#8221;4.7.1&#8243; use_background_color_gradient=&#8221;on&#8221; background_color_gradient_start=&#8221;#ffffff&#8221; background_color_gradient_end=&#8221;rgba(255,255,255,0)&#8221; background_color_gradient_direction=&#8221;90deg&#8221; background_color_gradient_start_position=&#8221;15%&#8221; background_image=&#8221;https:\/\/aeal.eu\/wp-content\/uploads\/2020\/11\/johnny-mcclung-RjdoQxJ7-5k-unsplash-min.jpg&#8221; background_blend=&#8221;overlay&#8221; custom_padding=&#8221;110px||||false|false&#8221; custom_padding_tablet=&#8221;140px|0px|50px|0px|false|false&#8221; custom_padding_phone=&#8221;120px|||&#8221;][et_pb_row column_structure=&#8221;1_2,1_2&#8243; _builder_version=&#8221;3.25&#8243; max_width=&#8221;1280px&#8221; use_custom_width=&#8221;on&#8221; custom_width_px=&#8221;1280px&#8221;][et_pb_column type=&#8221;1_2&#8243; _builder_version=&#8221;3.25&#8243; custom_padding=&#8221;|||&#8221; custom_padding__hover=&#8221;|||&#8221;][et_pb_text _builder_version=&#8221;4.7.2&#8243; text_font_size=&#8221;18px&#8221; header_4_text_color=&#8221;#3e4368&#8243;]<\/p>\n<h1>ORIGINS OF AEAL<\/h1>\n<p>[\/et_pb_text][\/et_pb_column][et_pb_column type=&#8221;1_2&#8243; _builder_version=&#8221;3.25&#8243; custom_padding=&#8221;|||&#8221; custom_padding__hover=&#8221;|||&#8221;][\/et_pb_column][\/et_pb_row][\/et_pb_section][et_pb_section fb_built=&#8221;1&#8243; admin_label=&#8221;About Us&#8221; _builder_version=&#8221;3.22&#8243;][et_pb_row column_structure=&#8221;1_2,1_2&#8243; _builder_version=&#8221;4.7.2&#8243; custom_padding=&#8221;||||false|false&#8221; custom_width_px=&#8221;1280px&#8221;][et_pb_column type=&#8221;1_2&#8243; _builder_version=&#8221;4.7.2&#8243; custom_padding=&#8221;2%||||false|false&#8221; custom_padding_tablet=&#8221;0px|||&#8221; custom_padding_phone=&#8221;&#8221; custom_padding_last_edited=&#8221;on|tablet&#8221; padding_tablet=&#8221;0px|||&#8221; padding_last_edited=&#8221;on|tablet&#8221; custom_padding__hover=&#8221;|||&#8221;][et_pb_text _builder_version=&#8221;4.7.2&#8243; ul_font=&#8221;||||||||&#8221; ol_font=&#8221;||||||||&#8221; header_2_font=&#8221;EB Garamond||||||||&#8221; header_2_font_size=&#8221;50px&#8221; header_2_line_height=&#8221;1.3em&#8221; header_4_text_color=&#8221;#ffdaa4&#8243; header_5_font=&#8221;||||||||&#8221; header_6_font=&#8221;||||||||&#8221; header_2_font_size_tablet=&#8221;40px&#8221; header_2_font_size_phone=&#8221;30px&#8221; header_2_font_size_last_edited=&#8221;on|phone&#8221; locked=&#8221;off&#8221;]<\/p>\n<p>One of the first milestones in the formation of a meeting space for researchers studying language acquisition in our closer academic context dates back to the &#8220;First International Congress of Applied Psycholinguistics&#8221;, held in Barcelona in June 1985 under the presidency of Dr. Miguel Sigu\u00e1n. This was probably the first occasion in which those colleagues interested in language acquisition had the opportunity to make contacts at an international meeting attended by leading scholars in the field of Psycholinguistics. Since then, there have been a number of forums in which those of us researching in the field of developmental psycholinguistics have participated, but none as specific as the triannual congresses of the IASCL (International Association for the Study of Child Language). <\/p>\n<p>[\/et_pb_text][\/et_pb_column][et_pb_column type=&#8221;1_2&#8243; _builder_version=&#8221;3.25&#8243; custom_padding=&#8221;|||&#8221; custom_padding__hover=&#8221;|||&#8221;][et_pb_image src=&#8221;https:\/\/aeal.eu\/wp-content\/uploads\/2020\/11\/kaspars-upmanis-nD2WzCZrlLE-unsplash.jpg&#8221; title_text=&#8221;kaspars-upmanis-nD2WzCZrlLE-unsplash&#8221; align_tablet=&#8221;center&#8221; align_phone=&#8221;&#8221; align_last_edited=&#8221;on|desktop&#8221; _builder_version=&#8221;4.7.2&#8243;][\/et_pb_image][\/et_pb_column][\/et_pb_row][et_pb_row column_structure=&#8221;1_2,1_2&#8243; _builder_version=&#8221;4.7.2&#8243; custom_width_px=&#8221;1280px&#8221;][et_pb_column type=&#8221;1_2&#8243; _builder_version=&#8221;4.7.2&#8243; custom_padding=&#8221;||||false|false&#8221; custom_padding_tablet=&#8221;0px|||&#8221; custom_padding_phone=&#8221;&#8221; custom_padding_last_edited=&#8221;on|tablet&#8221; padding_tablet=&#8221;0px|||&#8221; padding_last_edited=&#8221;on|tablet&#8221; custom_padding__hover=&#8221;|||&#8221;][et_pb_image src=&#8221;https:\/\/aeal.eu\/wp-content\/uploads\/2020\/11\/joakim-honkasalo-DurC25GdOvk-unsplash.jpg&#8221; title_text=&#8221;joakim-honkasalo-DurC25GdOvk-unsplash&#8221; align_tablet=&#8221;center&#8221; align_phone=&#8221;&#8221; align_last_edited=&#8221;on|desktop&#8221; _builder_version=&#8221;4.7.2&#8243; animation_style=&#8221;zoom&#8221; animation_intensity_zoom=&#8221;2%&#8221;][\/et_pb_image][\/et_pb_column][et_pb_column type=&#8221;1_2&#8243; _builder_version=&#8221;4.7.2&#8243; custom_padding=&#8221;2%||||false|false&#8221; custom_padding__hover=&#8221;|||&#8221;][et_pb_text _builder_version=&#8221;4.7.2&#8243; ul_font=&#8221;||||||||&#8221; ol_font=&#8221;||||||||&#8221; header_2_font=&#8221;EB Garamond||||||||&#8221; header_2_font_size=&#8221;50px&#8221; header_2_line_height=&#8221;1.3em&#8221; header_4_text_color=&#8221;#ffdaa4&#8243; header_5_font=&#8221;||||||||&#8221; header_6_font=&#8221;||||||||&#8221; header_2_font_size_tablet=&#8221;40px&#8221; header_2_font_size_phone=&#8221;30px&#8221; header_2_font_size_last_edited=&#8221;on|phone&#8221; locked=&#8221;off&#8221;]<\/p>\n<p>The first ones with a growing presence of researchers who contributed later to the creation of the AEAL were held in Budapest (1990), Trieste (1993) and Istanbul (1996). Subsequently, the VIII IASCL congress held in San Sebastian in July 1999, chaired by Itziar Idiazabal, was a major turning point where the colleagues from the Basque Country did an excellent job that contributed strongly to the prestige and visibility of the researchers from our academic context. Finally, in the congresses in Madison (2002) and Berlin (2005), prior to the constitution of our association, the extensive participation of researchers from our contexts in the IASCL was consolidated.  <\/p>\n<p>[\/et_pb_text][\/et_pb_column][\/et_pb_row][et_pb_row column_structure=&#8221;1_2,1_2&#8243; _builder_version=&#8221;4.7.2&#8243; custom_width_px=&#8221;1280px&#8221;][et_pb_column type=&#8221;1_2&#8243; _builder_version=&#8221;4.7.2&#8243; custom_padding=&#8221;2%||||false|false&#8221; custom_padding_tablet=&#8221;0px|||&#8221; custom_padding_phone=&#8221;&#8221; custom_padding_last_edited=&#8221;on|tablet&#8221; padding_tablet=&#8221;0px|||&#8221; padding_last_edited=&#8221;on|tablet&#8221; custom_padding__hover=&#8221;|||&#8221;][et_pb_text _builder_version=&#8221;4.7.2&#8243; ul_font=&#8221;||||||||&#8221; ol_font=&#8221;||||||||&#8221; header_2_font=&#8221;EB Garamond||||||||&#8221; header_2_font_size=&#8221;50px&#8221; header_2_line_height=&#8221;1.3em&#8221; header_4_text_color=&#8221;#ffdaa4&#8243; header_5_font=&#8221;||||||||&#8221; header_6_font=&#8221;||||||||&#8221; header_2_font_size_tablet=&#8221;40px&#8221; header_2_font_size_phone=&#8221;30px&#8221; header_2_font_size_last_edited=&#8221;on|phone&#8221; locked=&#8221;off&#8221;]In parallel, the closest and most immediate origins of AEAL are undoubtedly to be found in the organization of a series of encounters on the acquisition of the languages spoken within the Spanish State. In September 1995, the &#8220;First International Meeting on the Acquisition of the languages of the State&#8221; was held in Santiago de Compostela, chaired by Miguel P\u00e9rez Pereir. This was the first of a series of congresses that brought together those of us who study language acquisition in our cultural context, including colleagues from the American continent. The following ones took place in Barcelona in 1998 (Chair: Carme Triad\u00f3), in M\u00e1laga in 2001 (Chair: Miguel Galeote), in Salamanca in 2004 (Chair: \u00c1ngeles Mayor), in Oviedo in 2007 (Chair: Eliseo Diez-Itza, in Barcelona in 2010 (Chairs: Liliana Tolchinsky and Aurora Bel), in Bilbao in 2013 (Chair: Itziar Idiazabal), in Palma in 2016 (Chair: Eva Aguilar-Mediavilla), and in Madrid in 2019 (Chair: Victoria Marrero).[\/et_pb_text][\/et_pb_column][et_pb_column type=&#8221;1_2&#8243; _builder_version=&#8221;3.25&#8243; custom_padding=&#8221;|||&#8221; custom_padding__hover=&#8221;|||&#8221;][et_pb_image src=&#8221;https:\/\/aeal.eu\/wp-content\/uploads\/2020\/11\/mikael-kristenson-3aVlWP-7bg8-unsplash.jpg&#8221; title_text=&#8221;mikael-kristenson-3aVlWP-7bg8-unsplash&#8221; align_tablet=&#8221;center&#8221; align_phone=&#8221;&#8221; align_last_edited=&#8221;on|desktop&#8221; _builder_version=&#8221;4.7.2&#8243;][\/et_pb_image][\/et_pb_column][\/et_pb_row][et_pb_row column_structure=&#8221;1_2,1_2&#8243; _builder_version=&#8221;4.7.2&#8243; custom_width_px=&#8221;1280px&#8221;][et_pb_column type=&#8221;1_2&#8243; _builder_version=&#8221;4.7.2&#8243; custom_padding=&#8221;||||false|false&#8221; custom_padding_tablet=&#8221;0px|||&#8221; custom_padding_phone=&#8221;&#8221; custom_padding_last_edited=&#8221;on|tablet&#8221; padding_tablet=&#8221;0px|||&#8221; padding_last_edited=&#8221;on|tablet&#8221; custom_padding__hover=&#8221;|||&#8221;][et_pb_image src=&#8221;https:\/\/aeal.eu\/wp-content\/uploads\/2020\/11\/elcarito-hPRXeiQQ4-s-unsplash.jpg&#8221; title_text=&#8221;elcarito-hPRXeiQQ4-s-unsplash&#8221; align_tablet=&#8221;center&#8221; align_phone=&#8221;&#8221; align_last_edited=&#8221;on|desktop&#8221; _builder_version=&#8221;4.7.2&#8243; animation_style=&#8221;zoom&#8221; animation_intensity_zoom=&#8221;2%&#8221;][\/et_pb_image][\/et_pb_column][et_pb_column type=&#8221;1_2&#8243; _builder_version=&#8221;4.7.2&#8243; custom_padding=&#8221;2%||||false|false&#8221; custom_padding__hover=&#8221;|||&#8221;][et_pb_text _builder_version=&#8221;4.7.2&#8243; ul_font=&#8221;||||||||&#8221; ol_font=&#8221;||||||||&#8221; header_2_font=&#8221;EB Garamond||||||||&#8221; header_2_font_size=&#8221;50px&#8221; header_2_line_height=&#8221;1.3em&#8221; header_4_text_color=&#8221;#ffdaa4&#8243; header_5_font=&#8221;||||||||&#8221; header_6_font=&#8221;||||||||&#8221; header_2_font_size_tablet=&#8221;40px&#8221; header_2_font_size_phone=&#8221;30px&#8221; header_2_font_size_last_edited=&#8221;on|phone&#8221; locked=&#8221;off&#8221;]The first \u201cencounters\u201d between 1996 and 2004 were the germ of our Association, since they brought together many people with common interests and showed the need for a stable organization to support the triannual congresses and ensure their continuity, which until then had responded to rather spontaneous initiatives. At the conference held in Salamanca (2004) it was determined to take steps to establish the Association for the Study of Language Acquisition (AEAL). On the occasion of the IASCL congress in Berlin (2005) the date of the Constituent Assembly was set, which finally took place in Santiago de Compostela on November 18, 2005. AEAL was approved by the Ministry of the Interior and registered in the Register of Associations on February 3, 2006.[\/et_pb_text][\/et_pb_column][\/et_pb_row][\/et_pb_section]<\/p>\n","protected":false},"excerpt":{"rendered":"<p>ORIGINS OF AEALOne of the first milestones in the formation of a meeting space for researchers studying language acquisition in our closer academic context dates back to the &#8220;First International Congress of Applied Psycholinguistics&#8221;, held in Barcelona in June 1985 under the presidency of Dr. Miguel Sigu\u00e1n. This was probably the first occasion in which [&hellip;]<\/p>\n","protected":false},"author":1,"featured_media":0,"parent":0,"menu_order":0,"comment_status":"closed","ping_status":"closed","template":"","meta":{"_et_pb_use_builder":"on","_et_pb_old_content":"","_et_gb_content_width":"","footnotes":""},"_links":{"self":[{"href":"https:\/\/aeal.eu\/en\/wp-json\/wp\/v2\/pages\/237396"}],"collection":[{"href":"https:\/\/aeal.eu\/en\/wp-json\/wp\/v2\/pages"}],"about":[{"href":"https:\/\/aeal.eu\/en\/wp-json\/wp\/v2\/types\/page"}],"author":[{"embeddable":true,"href":"https:\/\/aeal.eu\/en\/wp-json\/wp\/v2\/users\/1"}],"replies":[{"embeddable":true,"href":"https:\/\/aeal.eu\/en\/wp-json\/wp\/v2\/comments?post=237396"}],"version-history":[{"count":5,"href":"https:\/\/aeal.eu\/en\/wp-json\/wp\/v2\/pages\/237396\/revisions"}],"predecessor-version":[{"id":237401,"href":"https:\/\/aeal.eu\/en\/wp-json\/wp\/v2\/pages\/237396\/revisions\/237401"}],"wp:attachment":[{"href":"https:\/\/aeal.eu\/en\/wp-json\/wp\/v2\/media?parent=237396"}],"curies":[{"name":"wp","href":"https:\/\/api.w.org\/{rel}","templated":true}]}}