{"id":237126,"date":"2021-05-31T15:48:11","date_gmt":"2021-05-31T15:48:11","guid":{"rendered":"https:\/\/aeal.eu\/nous-socis\/"},"modified":"2021-07-21T14:13:41","modified_gmt":"2021-07-21T14:13:41","slug":"nous-socis","status":"publish","type":"page","link":"https:\/\/aeal.eu\/ca\/nous-socis\/","title":{"rendered":"Nous socis"},"content":{"rendered":"<p>[et_pb_section fb_built=&#8221;1&#8243; custom_padding_last_edited=&#8221;on|desktop&#8221; admin_label=&#8221;Header&#8221; _builder_version=&#8221;4.7.2&#8243; use_background_color_gradient=&#8221;on&#8221; background_color_gradient_start=&#8221;#ffffff&#8221; background_color_gradient_end=&#8221;rgba(255,255,255,0)&#8221; background_color_gradient_direction=&#8221;90deg&#8221; background_color_gradient_start_position=&#8221;15%&#8221; background_image=&#8221;https:\/\/aeal.eu\/wp-content\/uploads\/2020\/11\/elcarito-hPRXeiQQ4-s-unsplash-1-min.jpg&#8221; background_blend=&#8221;overlay&#8221; custom_padding=&#8221;110px||||false|false&#8221; custom_padding_tablet=&#8221;140px|0px|50px|0px|false|false&#8221; custom_padding_phone=&#8221;120px|||&#8221;][et_pb_row column_structure=&#8221;1_2,1_2&#8243; _builder_version=&#8221;3.25&#8243; max_width=&#8221;1280px&#8221; use_custom_width=&#8221;on&#8221; custom_width_px=&#8221;1280px&#8221;][et_pb_column type=&#8221;1_2&#8243; _builder_version=&#8221;3.25&#8243; custom_padding=&#8221;|||&#8221; custom_padding__hover=&#8221;|||&#8221;][et_pb_text _builder_version=&#8221;4.7.2&#8243; text_font_size=&#8221;18px&#8221; header_4_text_color=&#8221;#3e4368&#8243;]<\/p>\n<h1>Formulari d&#8217;Inscripci\u00f3 a AEAL<\/h1>\n<p>[\/et_pb_text][\/et_pb_column][et_pb_column type=&#8221;1_2&#8243; _builder_version=&#8221;3.25&#8243; custom_padding=&#8221;|||&#8221; custom_padding__hover=&#8221;|||&#8221;][\/et_pb_column][\/et_pb_row][\/et_pb_section][et_pb_section fb_built=&#8221;1&#8243; admin_label=&#8221;Courses&#8221; _builder_version=&#8221;3.22&#8243; custom_padding=&#8221;54px|0px|90px|0px|false|false&#8221;][et_pb_row _builder_version=&#8221;3.25&#8243;][et_pb_column type=&#8221;4_4&#8243; _builder_version=&#8221;3.25&#8243; custom_padding=&#8221;|||&#8221; custom_padding__hover=&#8221;|||&#8221;][et_pb_text _builder_version=&#8221;4.7.2&#8243; text_font=&#8221;|700|||||||&#8221; text_text_color=&#8221;rgba(0,0,0,0.02)&#8221; text_font_size=&#8221;80px&#8221; text_line_height=&#8221;0em&#8221; header_2_font_size=&#8221;50px&#8221; header_2_line_height=&#8221;1.3em&#8221; text_orientation=&#8221;center&#8221; text_font_size_tablet=&#8221;50px&#8221; text_font_size_phone=&#8221;30px&#8221; header_2_font_size_tablet=&#8221;40px&#8221; header_2_font_size_phone=&#8221;30px&#8221; header_2_font_size_last_edited=&#8221;on|phone&#8221;]<\/p>\n<p>Socis<\/p>\n<h2>Nous socis<\/h2>\n<p>[\/et_pb_text][\/et_pb_column][\/et_pb_row][et_pb_row use_custom_gutter=&#8221;on&#8221; make_equal=&#8221;on&#8221; custom_padding_last_edited=&#8221;on|phone&#8221; _builder_version=&#8221;4.7.1&#8243; background_color=&#8221;#ffffff&#8221; max_width=&#8221;1280px&#8221; custom_padding=&#8221;60px|40px|60px|40px|true|false&#8221; custom_padding_tablet=&#8221;&#8221; custom_padding_phone=&#8221;|20px||20px||true&#8221; animation_style=&#8221;zoom&#8221; animation_intensity_zoom=&#8221;2%&#8221; border_radii=&#8221;on|12px|12px|12px|12px&#8221; box_shadow_style=&#8221;preset1&#8243; box_shadow_vertical=&#8221;50px&#8221; box_shadow_blur=&#8221;80px&#8221; box_shadow_color=&#8221;rgba(15,19,25,0.1)&#8221; use_custom_width=&#8221;on&#8221; custom_width_px=&#8221;1280px&#8221;][et_pb_column type=&#8221;4_4&#8243; _builder_version=&#8221;3.25&#8243; custom_padding=&#8221;|||&#8221; custom_padding__hover=&#8221;|||&#8221;][et_pb_text _builder_version=&#8221;4.7.7&#8243; _module_preset=&#8221;f956dac9-6215-4bb8-b346-b78e7709a56d&#8221;]Podran pert\u00e0nyer a l&#8217;Associaci\u00f3 aquelles persones amb capacitat d&#8217;obrar que tinguin inter\u00e8s en el desenvolupament de les finalitats de l&#8217;Associaci\u00f3 i acreditin la seva compet\u00e8ncia per contribuir a aquests.<\/p>\n<p>La quota anual \u00e9s de 30 \u20ac<\/p>\n<p>El primer pagament es realitzar\u00e0 a trav\u00e9s d&#8217;ingr\u00e9s al n\u00famero de compte de l&#8217;Associaci\u00f3 per a l&#8217;Estudi de l\u2019Adquisici\u00f3 del Llenguatge (AEAL), Caixa Rural d&#8217;Ast\u00faries IBAN ES10 3059 0064 7831 1511 1324   [\/et_pb_text][et_pb_contact_form email=&#8221;nuevosocio@aeal.eu&#8221; _builder_version=&#8221;4.9.10&#8243; _module_preset=&#8221;default&#8221; hover_enabled=&#8221;0&#8243; sticky_enabled=&#8221;0&#8243;][et_pb_contact_field field_id=&#8221;Nombre&#8221; field_title=&#8221;Nom&#8221; _builder_version=&#8221;4.7.2&#8243; _module_preset=&#8221;default&#8221;][\/et_pb_contact_field][et_pb_contact_field field_id=&#8221;Apellidos&#8221; field_title=&#8221;Cognoms&#8221; _builder_version=&#8221;4.7.2&#8243; _module_preset=&#8221;default&#8221;][\/et_pb_contact_field][et_pb_contact_field field_id=&#8221;Email&#8221; field_title=&#8221;Email&#8221; field_type=&#8221;email&#8221; _builder_version=&#8221;4.7.2&#8243; button_text_size__hover_enabled=&#8221;off&#8221; button_one_text_size__hover_enabled=&#8221;off&#8221; button_two_text_size__hover_enabled=&#8221;off&#8221; button_text_color__hover_enabled=&#8221;off&#8221; button_one_text_color__hover_enabled=&#8221;off&#8221; button_two_text_color__hover_enabled=&#8221;off&#8221; button_border_width__hover_enabled=&#8221;off&#8221; button_one_border_width__hover_enabled=&#8221;off&#8221; button_two_border_width__hover_enabled=&#8221;off&#8221; button_border_color__hover_enabled=&#8221;off&#8221; button_one_border_color__hover_enabled=&#8221;off&#8221; button_two_border_color__hover_enabled=&#8221;off&#8221; button_border_radius__hover_enabled=&#8221;off&#8221; button_one_border_radius__hover_enabled=&#8221;off&#8221; button_two_border_radius__hover_enabled=&#8221;off&#8221; button_letter_spacing__hover_enabled=&#8221;off&#8221; button_one_letter_spacing__hover_enabled=&#8221;off&#8221; button_two_letter_spacing__hover_enabled=&#8221;off&#8221; button_bg_color__hover_enabled=&#8221;off&#8221; button_one_bg_color__hover_enabled=&#8221;off&#8221; button_two_bg_color__hover_enabled=&#8221;off&#8221;][\/et_pb_contact_field][et_pb_contact_field field_id=&#8221;Tel\u00e9fono&#8221; field_title=&#8221;Tel\u00e8fon&#8221; _builder_version=&#8221;4.7.2&#8243; button_text_size__hover_enabled=&#8221;off&#8221; button_one_text_size__hover_enabled=&#8221;off&#8221; button_two_text_size__hover_enabled=&#8221;off&#8221; button_text_color__hover_enabled=&#8221;off&#8221; button_one_text_color__hover_enabled=&#8221;off&#8221; button_two_text_color__hover_enabled=&#8221;off&#8221; button_border_width__hover_enabled=&#8221;off&#8221; button_one_border_width__hover_enabled=&#8221;off&#8221; button_two_border_width__hover_enabled=&#8221;off&#8221; button_border_color__hover_enabled=&#8221;off&#8221; button_one_border_color__hover_enabled=&#8221;off&#8221; button_two_border_color__hover_enabled=&#8221;off&#8221; button_border_radius__hover_enabled=&#8221;off&#8221; button_one_border_radius__hover_enabled=&#8221;off&#8221; button_two_border_radius__hover_enabled=&#8221;off&#8221; button_letter_spacing__hover_enabled=&#8221;off&#8221; button_one_letter_spacing__hover_enabled=&#8221;off&#8221; button_two_letter_spacing__hover_enabled=&#8221;off&#8221; button_bg_color__hover_enabled=&#8221;off&#8221; button_one_bg_color__hover_enabled=&#8221;off&#8221; button_two_bg_color__hover_enabled=&#8221;off&#8221;][\/et_pb_contact_field][et_pb_contact_field field_id=&#8221;DNI&#8221; field_title=&#8221;DNI\/Passaport&#8221; _builder_version=&#8221;4.9.10&#8243; hover_enabled=&#8221;0&#8243; button_text_size__hover_enabled=&#8221;off&#8221; button_one_text_size__hover_enabled=&#8221;off&#8221; button_two_text_size__hover_enabled=&#8221;off&#8221; button_text_color__hover_enabled=&#8221;off&#8221; button_one_text_color__hover_enabled=&#8221;off&#8221; button_two_text_color__hover_enabled=&#8221;off&#8221; button_border_width__hover_enabled=&#8221;off&#8221; button_one_border_width__hover_enabled=&#8221;off&#8221; button_two_border_width__hover_enabled=&#8221;off&#8221; button_border_color__hover_enabled=&#8221;off&#8221; button_one_border_color__hover_enabled=&#8221;off&#8221; button_two_border_color__hover_enabled=&#8221;off&#8221; button_border_radius__hover_enabled=&#8221;off&#8221; button_one_border_radius__hover_enabled=&#8221;off&#8221; button_two_border_radius__hover_enabled=&#8221;off&#8221; button_letter_spacing__hover_enabled=&#8221;off&#8221; button_one_letter_spacing__hover_enabled=&#8221;off&#8221; button_two_letter_spacing__hover_enabled=&#8221;off&#8221; button_bg_color__hover_enabled=&#8221;off&#8221; button_one_bg_color__hover_enabled=&#8221;off&#8221; button_two_bg_color__hover_enabled=&#8221;off&#8221; sticky_enabled=&#8221;0&#8243;][\/et_pb_contact_field][et_pb_contact_field field_id=&#8221;Direcci\u00f3n&#8221; field_title=&#8221;Adre\u00e7a&#8221; fullwidth_field=&#8221;on&#8221; _builder_version=&#8221;4.7.2&#8243; _module_preset=&#8221;default&#8221;][\/et_pb_contact_field][et_pb_contact_field field_id=&#8221;Ciudad&#8221; field_title=&#8221;Ciutat&#8221; _builder_version=&#8221;4.7.2&#8243; _module_preset=&#8221;default&#8221;][\/et_pb_contact_field][et_pb_contact_field field_id=&#8221;CP&#8221; field_title=&#8221;C. Postal&#8221; _builder_version=&#8221;4.7.2&#8243; _module_preset=&#8221;default&#8221;][\/et_pb_contact_field][et_pb_contact_field field_id=&#8221;Pa\u00eds&#8221; field_title=&#8221;Pais&#8221; _builder_version=&#8221;4.7.2&#8243; _module_preset=&#8221;default&#8221;][\/et_pb_contact_field][et_pb_contact_field field_id=&#8221;Lugar_de_nacimiento&#8221; field_title=&#8221;Lloc de naixement&#8221; _builder_version=&#8221;4.7.2&#8243; _module_preset=&#8221;default&#8221;][\/et_pb_contact_field][et_pb_contact_field field_id=&#8221;Profesi\u00f3n&#8221; field_title=&#8221;Professi\u00f3&#8221; _builder_version=&#8221;4.7.2&#8243; _module_preset=&#8221;default&#8221;][\/et_pb_contact_field][et_pb_contact_field field_id=&#8221;centrotrabajo&#8221; field_title=&#8221;Centre de feina&#8221; _builder_version=&#8221;4.7.7&#8243; _module_preset=&#8221;default&#8221;][\/et_pb_contact_field][et_pb_contact_field field_id=&#8221;ID&#8221; field_title=&#8221;N\u00famero d&#8217;id. acad\u00e8mica (Researcher ID \/ Scopus ID \/ ORCID)&#8221; _builder_version=&#8221;4.7.7&#8243; _module_preset=&#8221;default&#8221;][\/et_pb_contact_field][et_pb_contact_field field_id=&#8221;Privacidad&#8221; field_title=&#8221;Privacitat&#8221; field_type=&#8221;checkbox&#8221; checkbox_options=&#8221;%91{%22value%22:%22Accepto les condicions de privacitat descrites a la nostra pol\u00edtica de privacitat %22,%22checked%22:0,%22dragID%22:-1,%22link_url%22:%22#%22,%22link_text%22:%22pol\u00edtica de privacitat%22}%93&#8243; fullwidth_field=&#8221;on&#8221; _builder_version=&#8221;4.7.2&#8243; _module_preset=&#8221;default&#8221;][\/et_pb_contact_field][\/et_pb_contact_form][\/et_pb_column][\/et_pb_row][\/et_pb_section]<\/p>\n","protected":false},"excerpt":{"rendered":"<p>Formulari d&#8217;Inscripci\u00f3 a AEALSocis Nous socisPodran pert\u00e0nyer a l&#8217;Associaci\u00f3 aquelles persones amb capacitat d&#8217;obrar que tinguin inter\u00e8s en el desenvolupament de les finalitats de l&#8217;Associaci\u00f3 i acreditin la seva compet\u00e8ncia per contribuir a aquests. La quota anual \u00e9s de 30 \u20ac El primer pagament es realitzar\u00e0 a trav\u00e9s d&#8217;ingr\u00e9s al n\u00famero de compte de l&#8217;Associaci\u00f3 [&hellip;]<\/p>\n","protected":false},"author":1,"featured_media":0,"parent":0,"menu_order":0,"comment_status":"closed","ping_status":"closed","template":"","meta":{"_et_pb_use_builder":"on","_et_pb_old_content":"","_et_gb_content_width":"","footnotes":""},"_links":{"self":[{"href":"https:\/\/aeal.eu\/ca\/wp-json\/wp\/v2\/pages\/237126"}],"collection":[{"href":"https:\/\/aeal.eu\/ca\/wp-json\/wp\/v2\/pages"}],"about":[{"href":"https:\/\/aeal.eu\/ca\/wp-json\/wp\/v2\/types\/page"}],"author":[{"embeddable":true,"href":"https:\/\/aeal.eu\/ca\/wp-json\/wp\/v2\/users\/1"}],"replies":[{"embeddable":true,"href":"https:\/\/aeal.eu\/ca\/wp-json\/wp\/v2\/comments?post=237126"}],"version-history":[{"count":7,"href":"https:\/\/aeal.eu\/ca\/wp-json\/wp\/v2\/pages\/237126\/revisions"}],"predecessor-version":[{"id":238035,"href":"https:\/\/aeal.eu\/ca\/wp-json\/wp\/v2\/pages\/237126\/revisions\/238035"}],"wp:attachment":[{"href":"https:\/\/aeal.eu\/ca\/wp-json\/wp\/v2\/media?parent=237126"}],"curies":[{"name":"wp","href":"https:\/\/api.w.org\/{rel}","templated":true}]}}