{"id":237107,"date":"2021-05-28T10:05:11","date_gmt":"2021-05-28T10:05:11","guid":{"rendered":"https:\/\/aeal.eu\/qui-som\/"},"modified":"2021-07-21T14:24:11","modified_gmt":"2021-07-21T14:24:11","slug":"qui-som","status":"publish","type":"page","link":"https:\/\/aeal.eu\/ca\/qui-som\/","title":{"rendered":"Qui som"},"content":{"rendered":"<p>[et_pb_section fb_built=&#8221;1&#8243; custom_padding_last_edited=&#8221;on|desktop&#8221; admin_label=&#8221;Header&#8221; _builder_version=&#8221;4.7.1&#8243; use_background_color_gradient=&#8221;on&#8221; background_color_gradient_start=&#8221;#ffffff&#8221; background_color_gradient_end=&#8221;rgba(255,255,255,0)&#8221; background_color_gradient_direction=&#8221;90deg&#8221; background_color_gradient_start_position=&#8221;15%&#8221; background_image=&#8221;https:\/\/aeal.eu\/wp-content\/uploads\/2020\/11\/johnny-mcclung-RjdoQxJ7-5k-unsplash-min.jpg&#8221; background_blend=&#8221;overlay&#8221; custom_padding=&#8221;110px||||false|false&#8221; custom_padding_tablet=&#8221;140px|0px|50px|0px|false|false&#8221; custom_padding_phone=&#8221;120px|||&#8221;][et_pb_row column_structure=&#8221;1_2,1_2&#8243; _builder_version=&#8221;3.25&#8243; max_width=&#8221;1280px&#8221; use_custom_width=&#8221;on&#8221; custom_width_px=&#8221;1280px&#8221;][et_pb_column type=&#8221;1_2&#8243; _builder_version=&#8221;3.25&#8243; custom_padding=&#8221;|||&#8221; custom_padding__hover=&#8221;|||&#8221;][et_pb_text _builder_version=&#8221;4.7.1&#8243; text_font_size=&#8221;18px&#8221; header_4_text_color=&#8221;#3e4368&#8243;]<\/p>\n<h1>Qui som<\/h1>\n<p>[\/et_pb_text][\/et_pb_column][et_pb_column type=&#8221;1_2&#8243; _builder_version=&#8221;3.25&#8243; custom_padding=&#8221;|||&#8221; custom_padding__hover=&#8221;|||&#8221;][\/et_pb_column][\/et_pb_row][\/et_pb_section][et_pb_section fb_built=&#8221;1&#8243; admin_label=&#8221;About Us&#8221; _builder_version=&#8221;3.22&#8243;][et_pb_row _builder_version=&#8221;4.7.2&#8243; custom_width_px=&#8221;1280px&#8221;][et_pb_column type=&#8221;4_4&#8243; _builder_version=&#8221;4.7.2&#8243; custom_padding=&#8221;||||false|false&#8221; custom_padding_tablet=&#8221;0px|||&#8221; custom_padding_last_edited=&#8221;off|phone&#8221; padding_tablet=&#8221;0px|||&#8221; padding_last_edited=&#8221;on|tablet&#8221; custom_padding__hover=&#8221;|||&#8221;][et_pb_text _builder_version=&#8221;4.7.2&#8243; _module_preset=&#8221;f956dac9-6215-4bb8-b346-b78e7709a56d&#8221; locked=&#8221;off&#8221;]<\/p>\n<p><strong>L&#8217;Associaci\u00f3 per a l&#8217;Estudi de la Adquisici\u00f3 del Llenguatge (AEAL) (Asociaci\u00f3n para o Estudio da Adquisici\u00f3n da Linguaxe; Asociaci\u00f3n para el Estudio de la Adquisici\u00f3n del Lenguaje; Hizkuntza Jabekuntza Ikasketen Elkartea)<\/strong> \u00e9s una associaci\u00f3 cient\u00edfica sense \u00e0nim de lucre registrada amb el n\u00famero 586.524 en el registre d&#8217;associacions (3 de febrer de 2006) i constitu\u00efda el 18 de novembre de 2005 per a:<\/p>\n<p>[\/et_pb_text][\/et_pb_column][\/et_pb_row][et_pb_row column_structure=&#8221;1_3,1_3,1_3&#8243; _builder_version=&#8221;3.25&#8243; locked=&#8221;off&#8221;][et_pb_column type=&#8221;1_3&#8243; _builder_version=&#8221;3.25&#8243; custom_padding=&#8221;|||&#8221; custom_padding__hover=&#8221;|||&#8221;][et_pb_blurb title=&#8221;Promoure &#8221; icon_placement=&#8221;left&#8221; image_max_width=&#8221;100px&#8221; content_max_width=&#8221;1100px&#8221; image_max_width_tablet=&#8221;&#8221; image_max_width_phone=&#8221;50px&#8221; image_max_width_last_edited=&#8221;on|phone&#8221; _builder_version=&#8221;4.7.1&#8243; header_font=&#8221;|600|||||||&#8221; header_text_color=&#8221;#3e4368&#8243; header_font_size=&#8221;18px&#8221; header_line_height=&#8221;1.6em&#8221; body_font=&#8221;||||||||&#8221; body_font_size=&#8221;15px&#8221; body_line_height=&#8221;2em&#8221; animation_style=&#8221;fold&#8221; animation_direction=&#8221;left&#8221; animation_intensity_fold=&#8221;10%&#8221; animation=&#8221;off&#8221; header_font_size_tablet=&#8221;&#8221; header_font_size_phone=&#8221;15px&#8221; header_font_size_last_edited=&#8221;on|phone&#8221; body_line_height_tablet=&#8221;&#8221; body_line_height_phone=&#8221;1.6em&#8221; body_line_height_last_edited=&#8221;on|phone&#8221;]Promoure l&#8217;estudi de l&#8217;adquisici\u00f3 i el desenvolupament del llenguatge tant en situacions monoling\u00fces, com biling\u00fces o multiling\u00fces. Ser\u00e0 d\u2019atenci\u00f3 preferent de l&#8217;associaci\u00f3 impulsar investigacions que permetin un millor coneixement de la forma en qu\u00e8 les lleng\u00fces espanyola, catalana, gallega i basca s\u00f3n apreses pels nens, aix\u00ed com del seu posterior desenvolupament.[\/et_pb_blurb][\/et_pb_column][et_pb_column type=&#8221;1_3&#8243; _builder_version=&#8221;3.25&#8243; custom_padding=&#8221;|||&#8221; custom_padding__hover=&#8221;|||&#8221;][et_pb_blurb title=&#8221;Estudiar&#8221; icon_placement=&#8221;left&#8221; image_max_width=&#8221;100px&#8221; content_max_width=&#8221;1100px&#8221; image_max_width_tablet=&#8221;&#8221; image_max_width_phone=&#8221;50px&#8221; image_max_width_last_edited=&#8221;on|phone&#8221; _builder_version=&#8221;4.7.1&#8243; header_font=&#8221;|600|||||||&#8221; header_text_color=&#8221;#3e4368&#8243; header_font_size=&#8221;18px&#8221; header_line_height=&#8221;1.6em&#8221; body_font=&#8221;||||||||&#8221; body_font_size=&#8221;15px&#8221; body_line_height=&#8221;2em&#8221; animation_style=&#8221;fold&#8221; animation_direction=&#8221;left&#8221; animation_intensity_fold=&#8221;10%&#8221; animation=&#8221;off&#8221; header_font_size_tablet=&#8221;&#8221; header_font_size_phone=&#8221;15px&#8221; header_font_size_last_edited=&#8221;on|phone&#8221; body_line_height_tablet=&#8221;&#8221; body_line_height_phone=&#8221;1.6em&#8221; body_line_height_last_edited=&#8221;on|phone&#8221;]les relacions que el desenvolupament del llenguatge t\u00e9 amb altres processos psicol\u00f2gics, socioculturals, biol\u00f2gics, i educatius, aix\u00ed com amb les caracter\u00edstiques de les lleng\u00fces.[\/et_pb_blurb][\/et_pb_column][et_pb_column type=&#8221;1_3&#8243; _builder_version=&#8221;3.25&#8243; custom_padding=&#8221;|||&#8221; custom_padding__hover=&#8221;|||&#8221;][et_pb_blurb title=&#8221;Impulsar &#8221; icon_placement=&#8221;left&#8221; image_max_width=&#8221;100px&#8221; content_max_width=&#8221;1100px&#8221; image_max_width_tablet=&#8221;&#8221; image_max_width_phone=&#8221;50px&#8221; image_max_width_last_edited=&#8221;on|phone&#8221; _builder_version=&#8221;4.7.1&#8243; header_font=&#8221;|600|||||||&#8221; header_text_color=&#8221;#3e4368&#8243; header_font_size=&#8221;18px&#8221; header_line_height=&#8221;1.6em&#8221; body_font=&#8221;||||||||&#8221; body_font_size=&#8221;15px&#8221; body_line_height=&#8221;2em&#8221; animation_style=&#8221;fold&#8221; animation_direction=&#8221;left&#8221; animation_intensity_fold=&#8221;10%&#8221; animation=&#8221;off&#8221; header_font_size_tablet=&#8221;&#8221; header_font_size_phone=&#8221;15px&#8221; header_font_size_last_edited=&#8221;on|phone&#8221; body_line_height_tablet=&#8221;&#8221; body_line_height_phone=&#8221;1.6em&#8221; body_line_height_last_edited=&#8221;on|phone&#8221;]el coneixement de les relacions entre el desenvolupament de la llengua oral i l&#8217;aprenentatge de la llengua escrita o altres sistemes de comunicaci\u00f3.[\/et_pb_blurb][\/et_pb_column][\/et_pb_row][et_pb_row column_structure=&#8221;1_3,1_3,1_3&#8243; _builder_version=&#8221;3.25&#8243; locked=&#8221;off&#8221;][et_pb_column type=&#8221;1_3&#8243; _builder_version=&#8221;3.25&#8243; custom_padding=&#8221;|||&#8221; custom_padding__hover=&#8221;|||&#8221;][et_pb_blurb title=&#8221;Contribuir &#8221; icon_placement=&#8221;left&#8221; image_max_width=&#8221;100px&#8221; content_max_width=&#8221;1100px&#8221; image_max_width_tablet=&#8221;&#8221; image_max_width_phone=&#8221;50px&#8221; image_max_width_last_edited=&#8221;on|phone&#8221; _builder_version=&#8221;4.7.1&#8243; header_font=&#8221;|600|||||||&#8221; header_text_color=&#8221;#3e4368&#8243; header_font_size=&#8221;18px&#8221; header_line_height=&#8221;1.6em&#8221; body_font=&#8221;||||||||&#8221; body_font_size=&#8221;15px&#8221; body_line_height=&#8221;2em&#8221; animation_style=&#8221;fold&#8221; animation_direction=&#8221;left&#8221; animation_intensity_fold=&#8221;10%&#8221; animation=&#8221;off&#8221; header_font_size_tablet=&#8221;&#8221; header_font_size_phone=&#8221;15px&#8221; header_font_size_last_edited=&#8221;on|phone&#8221; body_line_height_tablet=&#8221;&#8221; body_line_height_phone=&#8221;1.6em&#8221; body_line_height_last_edited=&#8221;on|phone&#8221;]al coneixement dels trastorns i dificultats en l&#8217;adquisici\u00f3 i el desenvolupament del llenguatge, i al de les t\u00e8cniques d&#8217;intervenci\u00f3 apropiades.[\/et_pb_blurb][\/et_pb_column][et_pb_column type=&#8221;1_3&#8243; _builder_version=&#8221;3.25&#8243; custom_padding=&#8221;|||&#8221; custom_padding__hover=&#8221;|||&#8221;][et_pb_blurb title=&#8221;Difondre &#8221; icon_placement=&#8221;left&#8221; image_max_width=&#8221;100px&#8221; content_max_width=&#8221;1100px&#8221; image_max_width_tablet=&#8221;&#8221; image_max_width_phone=&#8221;50px&#8221; image_max_width_last_edited=&#8221;on|phone&#8221; _builder_version=&#8221;4.7.1&#8243; header_font=&#8221;|600|||||||&#8221; header_text_color=&#8221;#3e4368&#8243; header_font_size=&#8221;18px&#8221; header_line_height=&#8221;1.6em&#8221; body_font=&#8221;||||||||&#8221; body_font_size=&#8221;15px&#8221; body_line_height=&#8221;2em&#8221; animation_style=&#8221;fold&#8221; animation_direction=&#8221;left&#8221; animation_intensity_fold=&#8221;10%&#8221; animation=&#8221;off&#8221; header_font_size_tablet=&#8221;&#8221; header_font_size_phone=&#8221;15px&#8221; header_font_size_last_edited=&#8221;on|phone&#8221; body_line_height_tablet=&#8221;&#8221; body_line_height_phone=&#8221;1.6em&#8221; body_line_height_last_edited=&#8221;on|phone&#8221;]els coneixements cient\u00edfics sobre l&#8217;adquisici\u00f3 i el desenvolupament del llenguatge.[\/et_pb_blurb][\/et_pb_column][et_pb_column type=&#8221;1_3&#8243; _builder_version=&#8221;3.25&#8243; custom_padding=&#8221;|||&#8221; custom_padding__hover=&#8221;|||&#8221;][et_pb_blurb title=&#8221;Promoure &#8221; icon_placement=&#8221;left&#8221; image_max_width=&#8221;100px&#8221; content_max_width=&#8221;1100px&#8221; image_max_width_tablet=&#8221;&#8221; image_max_width_phone=&#8221;50px&#8221; image_max_width_last_edited=&#8221;on|phone&#8221; _builder_version=&#8221;4.7.1&#8243; header_font=&#8221;|600|||||||&#8221; header_text_color=&#8221;#3e4368&#8243; header_font_size=&#8221;18px&#8221; header_line_height=&#8221;1.6em&#8221; body_font=&#8221;||||||||&#8221; body_font_size=&#8221;15px&#8221; body_line_height=&#8221;2em&#8221; animation_style=&#8221;fold&#8221; animation_direction=&#8221;left&#8221; animation_intensity_fold=&#8221;10%&#8221; animation=&#8221;off&#8221; header_font_size_tablet=&#8221;&#8221; header_font_size_phone=&#8221;15px&#8221; header_font_size_last_edited=&#8221;on|phone&#8221; body_line_height_tablet=&#8221;&#8221; body_line_height_phone=&#8221;1.6em&#8221; body_line_height_last_edited=&#8221;on|phone&#8221;]el contacte cient\u00edfic, la comunicaci\u00f3 i la col\u00b7laboraci\u00f3 entre els investigadors de l&#8217;adquisici\u00f3 i el desenvolupament del llenguatge.[\/et_pb_blurb][\/et_pb_column][\/et_pb_row][et_pb_row column_structure=&#8221;1_3,1_3,1_3&#8243; _builder_version=&#8221;4.7.2&#8243; border_width_bottom=&#8221;1px&#8221; border_color_bottom=&#8221;#3e4368&#8243; locked=&#8221;off&#8221;][et_pb_column type=&#8221;1_3&#8243; _builder_version=&#8221;3.25&#8243; custom_padding=&#8221;|||&#8221; custom_padding__hover=&#8221;|||&#8221;][et_pb_blurb title=&#8221;Assessorar &#8221; icon_placement=&#8221;left&#8221; image_max_width=&#8221;100px&#8221; content_max_width=&#8221;1100px&#8221; image_max_width_tablet=&#8221;&#8221; image_max_width_phone=&#8221;50px&#8221; image_max_width_last_edited=&#8221;on|phone&#8221; _builder_version=&#8221;4.7.1&#8243; header_font=&#8221;|600|||||||&#8221; header_text_color=&#8221;#3e4368&#8243; header_font_size=&#8221;18px&#8221; header_line_height=&#8221;1.6em&#8221; body_font=&#8221;||||||||&#8221; body_font_size=&#8221;15px&#8221; body_line_height=&#8221;2em&#8221; animation_style=&#8221;fold&#8221; animation_direction=&#8221;left&#8221; animation_intensity_fold=&#8221;10%&#8221; animation=&#8221;off&#8221; header_font_size_tablet=&#8221;&#8221; header_font_size_phone=&#8221;15px&#8221; header_font_size_last_edited=&#8221;on|phone&#8221; body_line_height_tablet=&#8221;&#8221; body_line_height_phone=&#8221;1.6em&#8221; body_line_height_last_edited=&#8221;on|phone&#8221;]quants organismes precisin d&#8217;un consell especialitzat sobre l&#8217;aprenentatge i desenvolupament del llenguatge, tant sigui de la primera com de les segones lleng\u00fces.[\/et_pb_blurb][\/et_pb_column][et_pb_column type=&#8221;1_3&#8243; _builder_version=&#8221;3.25&#8243; custom_padding=&#8221;|||&#8221; custom_padding__hover=&#8221;|||&#8221;][\/et_pb_column][et_pb_column type=&#8221;1_3&#8243; _builder_version=&#8221;3.25&#8243; custom_padding=&#8221;|||&#8221; custom_padding__hover=&#8221;|||&#8221;][\/et_pb_column][\/et_pb_row][et_pb_row _builder_version=&#8221;4.7.2&#8243; custom_width_px=&#8221;1280px&#8221;][et_pb_column type=&#8221;4_4&#8243; _builder_version=&#8221;4.7.2&#8243; custom_padding=&#8221;||||false|false&#8221; custom_padding_tablet=&#8221;0px|||&#8221; custom_padding_last_edited=&#8221;off|phone&#8221; padding_tablet=&#8221;0px|||&#8221; padding_last_edited=&#8221;on|tablet&#8221; custom_padding__hover=&#8221;|||&#8221;][et_pb_text _builder_version=&#8221;4.7.2&#8243; _module_preset=&#8221;f956dac9-6215-4bb8-b346-b78e7709a56d&#8221; locked=&#8221;off&#8221;]Per al compliment d&#8217;aquests fins, l&#8217;associaci\u00f3 procurar\u00e0:[\/et_pb_text][\/et_pb_column][\/et_pb_row][et_pb_row column_structure=&#8221;1_2,1_2&#8243; _builder_version=&#8221;4.7.2&#8243; custom_width_px=&#8221;1280px&#8221;][et_pb_column type=&#8221;1_2&#8243; _builder_version=&#8221;4.7.2&#8243; custom_padding=&#8221;||||false|false&#8221; custom_padding_tablet=&#8221;0px|||&#8221; custom_padding_last_edited=&#8221;off|desktop&#8221; padding_tablet=&#8221;0px|||&#8221; padding_last_edited=&#8221;on|tablet&#8221; custom_padding__hover=&#8221;|||&#8221;][et_pb_blurb icon_placement=&#8221;left&#8221; image_max_width=&#8221;100px&#8221; content_max_width=&#8221;1100px&#8221; image_max_width_tablet=&#8221;&#8221; image_max_width_phone=&#8221;50px&#8221; image_max_width_last_edited=&#8221;on|phone&#8221; _builder_version=&#8221;4.7.1&#8243; header_font=&#8221;|600|||||||&#8221; header_text_color=&#8221;#3e4368&#8243; header_font_size=&#8221;18px&#8221; header_line_height=&#8221;1.6em&#8221; body_font=&#8221;||||||||&#8221; body_font_size=&#8221;15px&#8221; body_line_height=&#8221;2em&#8221; animation_style=&#8221;fold&#8221; animation_direction=&#8221;left&#8221; animation_intensity_fold=&#8221;10%&#8221; animation=&#8221;off&#8221; header_font_size_tablet=&#8221;&#8221; header_font_size_phone=&#8221;15px&#8221; header_font_size_last_edited=&#8221;on|phone&#8221; body_line_height_tablet=&#8221;&#8221; body_line_height_phone=&#8221;1.6em&#8221; body_line_height_last_edited=&#8221;on|phone&#8221;]<\/p>\n<p><strong>Realitzar<\/strong> peri\u00f2dicament congressos cient\u00edfics sobre l&#8217;adquisici\u00f3 i el desenvolupament del llenguatge.<\/p>\n<p>[\/et_pb_blurb][et_pb_blurb icon_placement=&#8221;left&#8221; image_max_width=&#8221;100px&#8221; content_max_width=&#8221;1100px&#8221; image_max_width_tablet=&#8221;&#8221; image_max_width_phone=&#8221;50px&#8221; image_max_width_last_edited=&#8221;on|phone&#8221; _builder_version=&#8221;4.7.1&#8243; header_font=&#8221;|600|||||||&#8221; header_text_color=&#8221;#3e4368&#8243; header_font_size=&#8221;18px&#8221; header_line_height=&#8221;1.6em&#8221; body_font=&#8221;||||||||&#8221; body_font_size=&#8221;15px&#8221; body_line_height=&#8221;2em&#8221; animation_style=&#8221;fold&#8221; animation_direction=&#8221;left&#8221; animation_intensity_fold=&#8221;10%&#8221; animation=&#8221;off&#8221; header_font_size_tablet=&#8221;&#8221; header_font_size_phone=&#8221;15px&#8221; header_font_size_last_edited=&#8221;on|phone&#8221; body_line_height_tablet=&#8221;&#8221; body_line_height_phone=&#8221;1.6em&#8221; body_line_height_last_edited=&#8221;on|phone&#8221;]<\/p>\n<p><strong>Organitzar<\/strong> o impulsar trobades, seminaris i simposis tem\u00e0tics.<\/p>\n<p>[\/et_pb_blurb][et_pb_blurb icon_placement=&#8221;left&#8221; image_max_width=&#8221;100px&#8221; content_max_width=&#8221;1100px&#8221; image_max_width_tablet=&#8221;&#8221; image_max_width_phone=&#8221;50px&#8221; image_max_width_last_edited=&#8221;on|phone&#8221; _builder_version=&#8221;4.7.1&#8243; header_font=&#8221;|600|||||||&#8221; header_text_color=&#8221;#3e4368&#8243; header_font_size=&#8221;18px&#8221; header_line_height=&#8221;1.6em&#8221; body_font=&#8221;||||||||&#8221; body_font_size=&#8221;15px&#8221; body_line_height=&#8221;2em&#8221; animation_style=&#8221;fold&#8221; animation_direction=&#8221;left&#8221; animation_intensity_fold=&#8221;10%&#8221; animation=&#8221;off&#8221; header_font_size_tablet=&#8221;&#8221; header_font_size_phone=&#8221;15px&#8221; header_font_size_last_edited=&#8221;on|phone&#8221; body_line_height_tablet=&#8221;&#8221; body_line_height_phone=&#8221;1.6em&#8221; body_line_height_last_edited=&#8221;on|phone&#8221;]<\/p>\n<p><strong>Elaborar, editar i difondre<\/strong> un butllet\u00ed per als associats que informi de novetats i activitats.<\/p>\n<p>[\/et_pb_blurb][\/et_pb_column][et_pb_column type=&#8221;1_2&#8243; _builder_version=&#8221;3.25&#8243; custom_padding=&#8221;|||&#8221; custom_padding__hover=&#8221;|||&#8221;][et_pb_blurb icon_placement=&#8221;left&#8221; image_max_width=&#8221;100px&#8221; content_max_width=&#8221;1100px&#8221; image_max_width_tablet=&#8221;&#8221; image_max_width_phone=&#8221;50px&#8221; image_max_width_last_edited=&#8221;on|phone&#8221; _builder_version=&#8221;4.7.1&#8243; header_font=&#8221;|600|||||||&#8221; header_text_color=&#8221;#3e4368&#8243; header_font_size=&#8221;18px&#8221; header_line_height=&#8221;1.6em&#8221; body_font=&#8221;||||||||&#8221; body_font_size=&#8221;15px&#8221; body_line_height=&#8221;2em&#8221; animation_style=&#8221;fold&#8221; animation_direction=&#8221;left&#8221; animation_intensity_fold=&#8221;10%&#8221; animation=&#8221;off&#8221; header_font_size_tablet=&#8221;&#8221; header_font_size_phone=&#8221;15px&#8221; header_font_size_last_edited=&#8221;on|phone&#8221; body_line_height_tablet=&#8221;&#8221; body_line_height_phone=&#8221;1.6em&#8221; body_line_height_last_edited=&#8221;on|phone&#8221;]<\/p>\n<p><strong>Editar<\/strong> una revista cient\u00edfica sobre l&#8217;adquisici\u00f3 i el desenvolupament del llenguatge.<\/p>\n<p>[\/et_pb_blurb][et_pb_blurb icon_placement=&#8221;left&#8221; image_max_width=&#8221;100px&#8221; content_max_width=&#8221;1100px&#8221; image_max_width_tablet=&#8221;&#8221; image_max_width_phone=&#8221;50px&#8221; image_max_width_last_edited=&#8221;on|phone&#8221; _builder_version=&#8221;4.7.1&#8243; header_font=&#8221;|600|||||||&#8221; header_text_color=&#8221;#3e4368&#8243; header_font_size=&#8221;18px&#8221; header_line_height=&#8221;1.6em&#8221; body_font=&#8221;||||||||&#8221; body_font_size=&#8221;15px&#8221; body_line_height=&#8221;2em&#8221; animation_style=&#8221;fold&#8221; animation_direction=&#8221;left&#8221; animation_intensity_fold=&#8221;10%&#8221; animation=&#8221;off&#8221; header_font_size_tablet=&#8221;&#8221; header_font_size_phone=&#8221;15px&#8221; header_font_size_last_edited=&#8221;on|phone&#8221; body_line_height_tablet=&#8221;&#8221; body_line_height_phone=&#8221;1.6em&#8221; body_line_height_last_edited=&#8221;on|phone&#8221;]<\/p>\n<p><strong>Establir<\/strong> contactes i col\u00b7laboracions amb altres associacions de finalitas coincidents.<\/p>\n<p>[\/et_pb_blurb][et_pb_blurb icon_placement=&#8221;left&#8221; image_max_width=&#8221;100px&#8221; content_max_width=&#8221;1100px&#8221; image_max_width_tablet=&#8221;&#8221; image_max_width_phone=&#8221;50px&#8221; image_max_width_last_edited=&#8221;on|phone&#8221; _builder_version=&#8221;4.7.1&#8243; header_font=&#8221;|600|||||||&#8221; header_text_color=&#8221;#3e4368&#8243; header_font_size=&#8221;18px&#8221; header_line_height=&#8221;1.6em&#8221; body_font=&#8221;||||||||&#8221; body_font_size=&#8221;15px&#8221; body_line_height=&#8221;2em&#8221; animation_style=&#8221;fold&#8221; animation_direction=&#8221;left&#8221; animation_intensity_fold=&#8221;10%&#8221; animation=&#8221;off&#8221; header_font_size_tablet=&#8221;&#8221; header_font_size_phone=&#8221;15px&#8221; header_font_size_last_edited=&#8221;on|phone&#8221; body_line_height_tablet=&#8221;&#8221; body_line_height_phone=&#8221;1.6em&#8221; body_line_height_last_edited=&#8221;on|phone&#8221;]<\/p>\n<p><strong>Crear<\/strong> una p\u00e0gina web de l&#8217;associaci\u00f3 que faciliti la comunicaci\u00f3 amb els interessats.<\/p>\n<p>[\/et_pb_blurb][\/et_pb_column][\/et_pb_row][et_pb_row _builder_version=&#8221;4.7.2&#8243; custom_width_px=&#8221;1280px&#8221;][et_pb_column type=&#8221;4_4&#8243; _builder_version=&#8221;4.7.2&#8243; custom_padding=&#8221;||||false|false&#8221; custom_padding_tablet=&#8221;0px|||&#8221; custom_padding_last_edited=&#8221;off|phone&#8221; padding_tablet=&#8221;0px|||&#8221; padding_last_edited=&#8221;on|tablet&#8221; custom_padding__hover=&#8221;|||&#8221;][et_pb_text _builder_version=&#8221;4.7.2&#8243; _module_preset=&#8221;f956dac9-6215-4bb8-b346-b78e7709a56d&#8221; locked=&#8221;off&#8221;]En totes les seves activitats, l&#8217;associaci\u00f3 potenciar\u00e0 la pres\u00e8ncia de totes les lleng\u00fces oficials de l&#8217;Estat Espanyol.[\/et_pb_text][\/et_pb_column][\/et_pb_row][\/et_pb_section]<\/p>\n","protected":false},"excerpt":{"rendered":"<p>Qui somL&#8217;Associaci\u00f3 per a l&#8217;Estudi de la Adquisici\u00f3 del Llenguatge (AEAL) (Asociaci\u00f3n para o Estudio da Adquisici\u00f3n da Linguaxe; Asociaci\u00f3n para el Estudio de la Adquisici\u00f3n del Lenguaje; Hizkuntza Jabekuntza Ikasketen Elkartea) \u00e9s una associaci\u00f3 cient\u00edfica sense \u00e0nim de lucre registrada amb el n\u00famero 586.524 en el registre d&#8217;associacions (3 de febrer de 2006) i [&hellip;]<\/p>\n","protected":false},"author":1,"featured_media":0,"parent":0,"menu_order":0,"comment_status":"closed","ping_status":"closed","template":"","meta":{"_et_pb_use_builder":"on","_et_pb_old_content":"","_et_gb_content_width":"","footnotes":""},"_links":{"self":[{"href":"https:\/\/aeal.eu\/ca\/wp-json\/wp\/v2\/pages\/237107"}],"collection":[{"href":"https:\/\/aeal.eu\/ca\/wp-json\/wp\/v2\/pages"}],"about":[{"href":"https:\/\/aeal.eu\/ca\/wp-json\/wp\/v2\/types\/page"}],"author":[{"embeddable":true,"href":"https:\/\/aeal.eu\/ca\/wp-json\/wp\/v2\/users\/1"}],"replies":[{"embeddable":true,"href":"https:\/\/aeal.eu\/ca\/wp-json\/wp\/v2\/comments?post=237107"}],"version-history":[{"count":8,"href":"https:\/\/aeal.eu\/ca\/wp-json\/wp\/v2\/pages\/237107\/revisions"}],"predecessor-version":[{"id":238058,"href":"https:\/\/aeal.eu\/ca\/wp-json\/wp\/v2\/pages\/237107\/revisions\/238058"}],"wp:attachment":[{"href":"https:\/\/aeal.eu\/ca\/wp-json\/wp\/v2\/media?parent=237107"}],"curies":[{"name":"wp","href":"https:\/\/api.w.org\/{rel}","templated":true}]}}