{"id":237097,"date":"2021-05-28T09:44:12","date_gmt":"2021-05-28T09:44:12","guid":{"rendered":"https:\/\/aeal.eu\/estatuts\/"},"modified":"2021-10-05T09:07:41","modified_gmt":"2021-10-05T09:07:41","slug":"estatuts","status":"publish","type":"page","link":"https:\/\/aeal.eu\/ca\/estatuts\/","title":{"rendered":"Estatuts"},"content":{"rendered":"<p>[et_pb_section fb_built=&#8221;1&#8243; custom_padding_last_edited=&#8221;on|desktop&#8221; admin_label=&#8221;Header&#8221; _builder_version=&#8221;4.7.1&#8243; use_background_color_gradient=&#8221;on&#8221; background_color_gradient_start=&#8221;#ffffff&#8221; background_color_gradient_end=&#8221;rgba(255,255,255,0)&#8221; background_color_gradient_direction=&#8221;90deg&#8221; background_color_gradient_start_position=&#8221;15%&#8221; background_image=&#8221;https:\/\/aeal.eu\/wp-content\/uploads\/2020\/11\/johnny-mcclung-RjdoQxJ7-5k-unsplash-min.jpg&#8221; background_blend=&#8221;overlay&#8221; custom_padding=&#8221;110px||||false|false&#8221; custom_padding_tablet=&#8221;140px|0px|50px|0px|false|false&#8221; custom_padding_phone=&#8221;120px|||&#8221;][et_pb_row column_structure=&#8221;1_2,1_2&#8243; _builder_version=&#8221;3.25&#8243; max_width=&#8221;1280px&#8221; use_custom_width=&#8221;on&#8221; custom_width_px=&#8221;1280px&#8221;][et_pb_column type=&#8221;1_2&#8243; _builder_version=&#8221;3.25&#8243; custom_padding=&#8221;|||&#8221; custom_padding__hover=&#8221;|||&#8221;][et_pb_text _builder_version=&#8221;4.7.2&#8243; text_line_height=&#8221;1.5em&#8221; max_width=&#8221;100%&#8221;]<\/p>\n<h1>Estatuts de l&#8217;Associaci\u00f3 per a l&#8217;Estudi de l&#8217;Adquisici\u00f3 del Llenguatge<\/h1>\n<p>[\/et_pb_text][\/et_pb_column][et_pb_column type=&#8221;1_2&#8243; _builder_version=&#8221;3.25&#8243; custom_padding=&#8221;|||&#8221; custom_padding__hover=&#8221;|||&#8221;][\/et_pb_column][\/et_pb_row][\/et_pb_section][et_pb_section fb_built=&#8221;1&#8243; admin_label=&#8221;About Us&#8221; _builder_version=&#8221;3.22&#8243;][et_pb_row _builder_version=&#8221;4.7.7&#8243; max_width=&#8221;1041px&#8221; module_alignment=&#8221;center&#8221; custom_width_px=&#8221;1280px&#8221;][et_pb_column type=&#8221;4_4&#8243; _builder_version=&#8221;4.7.2&#8243; custom_padding=&#8221;||||false|false&#8221; custom_padding_tablet=&#8221;0px|||&#8221; custom_padding_phone=&#8221;&#8221; custom_padding_last_edited=&#8221;on|tablet&#8221; padding_tablet=&#8221;0px|||&#8221; padding_last_edited=&#8221;on|tablet&#8221; custom_padding__hover=&#8221;|||&#8221;][et_pb_text _builder_version=&#8221;4.7.7&#8243; text_line_height=&#8221;1.5em&#8221; max_width=&#8221;100%&#8221; locked=&#8221;off&#8221;]<\/p>\n<h2>CAP\u00cdTOL I<\/h2>\n<p>DENOMINACI\u00d3, FINALITATS, DOMICILI I \u00c0MBIT:<\/p>\n<p><strong>Article 1.<\/strong> Amb la denominaci\u00f3 Associaci\u00f3 per a l&#8217;Estudi de l&#8217;Adquisici\u00f3 del Llenguatge (AEAL) (Asociaci\u00f3n para o Estudio da Adquisici\u00f3n da Linguaxe; Asociaci\u00f3n para el Estudio de la Adquisici\u00f3n del Lenguaje; Hizkuntza Jabekuntza Ikasketen Elkartea) es constitueix una ASSOCIACI\u00d3 a l&#8217;emparament de la Llei Org\u00e0nica 1\/2002, de 22 de mar\u00e7, i normes complement\u00e0ries, amb personalitat jur\u00eddica i plena capacitat d&#8217;obrar, sense \u00e0nim de lucre.<\/p>\n<p><strong>Article 2.<\/strong> Aquesta associaci\u00f3 es constitueix per temps indefinit.<\/p>\n<p><strong>Article 3.<\/strong> L&#8217;exist\u00e8ncia d&#8217;aquesta associaci\u00f3 t\u00e9 com a finalitats:<\/p>\n<p>[\/et_pb_text][et_pb_text _builder_version=&#8221;4.7.7&#8243; _module_preset=&#8221;default&#8221; text_line_height=&#8221;1.5em&#8221; max_width=&#8221;100%&#8221; custom_padding=&#8221;|||5%|false|false&#8221;]<\/p>\n<p>Promoure l&#8217;estudi de l&#8217;adquisici\u00f3 i el desenvolupament del llenguatge tant en situacions monoling\u00fces, com biling\u00fces o multiling\u00fces. Ser\u00e0 d\u2019atenci\u00f3 preferent de l&#8217;associaci\u00f3 impulsar investigacions que permetin un millor coneixement de la forma en qu\u00e8 les lleng\u00fces espanyola, catalana, gallega i basca s\u00f3n apreses pels nens, aix\u00ed com del seu posterior desenvolupament.<br \/>2) Estudiar les relacions que el desenvolupament del llenguatge t\u00e9 amb altres processos psicol\u00f2gics, socioculturals, biol\u00f2gics, i educatius, aix\u00ed com les caracter\u00edstiques de les lleng\u00fces.<br \/>3) Impulsar el coneixement de les relacions entre el desenvolupament de la llengua oral i l&#8217;aprenentatge de la llengua escrita o altres sistemes de comunicaci\u00f3.<br \/>4) Contribuir al coneixement dels trastorns i dificultats en l&#8217;adquisici\u00f3 i el desenvolupament de el llenguatge, i al de les t\u00e8cniques d&#8217;intervenci\u00f3 apropiades.<br \/>5) Difondre els coneixements cient\u00edfics sobre l&#8217;adquisici\u00f3 i el desenvolupament del llenguatge.<br \/>6) Promoure el contacte cient\u00edfic, la comunicaci\u00f3 i la col\u00b7laboraci\u00f3 entre els investigadors de l&#8217;adquisici\u00f3 i el desenvolupament del llenguatge.<br \/>7) Assessorar a tots els organismes que necessitin d&#8217;un consell especialitzat sobre l&#8217;aprenentatge i desenvolupament del llenguatge, tant sigui de la primera com de les segones lleng\u00fces.<\/p>\n<p>[\/et_pb_text][et_pb_text _builder_version=&#8221;4.7.7&#8243; _module_preset=&#8221;default&#8221; text_line_height=&#8221;1.5em&#8221; max_width=&#8221;100%&#8221;]<\/p>\n<p><strong>Article 4.<\/strong> Per al compliment d&#8217;aquests fins es realitzaran les seg\u00fcents activitats:<\/p>\n<p>[\/et_pb_text][et_pb_text _builder_version=&#8221;4.7.7&#8243; _module_preset=&#8221;default&#8221; text_line_height=&#8221;1.5em&#8221; max_width=&#8221;100%&#8221; custom_padding=&#8221;|||5%|false|false&#8221;]<\/p>\n<p>1) Realitzar peri\u00f2dicament congressos cient\u00edfics sobre l&#8217;adquisici\u00f3 i el desenvolupament del llenguatge.<br \/>2) Organitzar o impulsar trobades, seminaris i simposis tem\u00e0tics.<br \/>3) Elaborar, editar i difondre informaci\u00f3 pels associats que informi de novetats i activitats.<br \/>4) Promoure la publicaci\u00f3 de treballs en revistes cient\u00edfiques i llibres sobre l&#8217;adquisici\u00f3 i el desenvolupament del llenguatge.<br \/>5) Establir contactes i col\u00b7laboracions amb altres associacions de finalitats coincidents.<br \/>6) Crear una p\u00e0gina web de l&#8217;associaci\u00f3 que faciliti la comunicaci\u00f3 amb els interessats.<br \/>7) En totes les seves activitats, l&#8217;associaci\u00f3 potenciar\u00e0 la pres\u00e8ncia de totes les lleng\u00fces oficials de l&#8217;Estat Espanyol.<\/p>\n<p>[\/et_pb_text][et_pb_text _builder_version=&#8221;4.7.7&#8243; _module_preset=&#8221;default&#8221; text_line_height=&#8221;1.5em&#8221; max_width=&#8221;100%&#8221;]<\/p>\n<p><strong>Article 5.<\/strong> L&#8217;Associaci\u00f3 estableix el seu domicili social a Palma, Institut de Recerca i Innovaci\u00f3 Educativa \u2013 Universitat de les Illes Balears &#8211; Ctra. Valldemossa, Km. 7,5 \u2013 07122, i el seu \u00e0mbit territorial en el que es realitzar\u00e0 principalment les seves activitats \u00e9s el territori nacional i internacional, amb especial \u00e8mfasis a iberoam\u00e8rica.<\/p>\n<p>[\/et_pb_text][et_pb_text _builder_version=&#8221;4.7.7&#8243; _module_preset=&#8221;default&#8221; text_line_height=&#8221;1.5em&#8221; max_width=&#8221;100%&#8221;]<\/p>\n<h2>CAP\u00cdTOL II<\/h2>\n<p>\u00d2RGAN DE REPRESENTACI\u00d3<\/p>\n<p><strong>Article 6.<\/strong> L&#8217;Associaci\u00f3 ser\u00e0 gestionada i representada per una Junta Directiva formada per: un\/a president\/a, un\/a vicepresident\/a, un\/a secretari\/a, un\/a tresorer\/a i 6 vocals. Tots els c\u00e0rrecs que composen la Junta Directiva seran gratu\u00efts. Aquests seran designats i revocats per l&#8217;Assemblea General i el seu mandat tindr\u00e0 una durada de 3 anys que podran ser renovables per un segon mandat.<\/p>\n<p><strong>Article 7.<\/strong> Aquests podran causar baixa per ren\u00fancia volunt\u00e0ria comunicada per escrit a la Junta Directiva, per incompliment de les obligacions que tinguessin encomanades i per expiraci\u00f3 del mandat.<\/p>\n<p><strong>Article 8.<\/strong> Els membres de la Junta Directiva que hagin esgotat el termini per al qual van ser elegits, continuaran exercint els seus c\u00e0rrecs en funcions fins al moment en qu\u00e8 es produeixi l&#8217;acceptaci\u00f3 de els que els substitueixin.<\/p>\n<p><strong>Article 9.<\/strong> La Junta Directiva es reunir\u00e0 totes les vegades que ho determini el seu President\/a i a iniciativa o petici\u00f3 d&#8217;un ter\u00e7 dels seus membres. Quedar\u00e0 constitu\u00efda quan assisteixi la meitat m\u00e9s un dels seus membres i perqu\u00e8 els seus acords siguin v\u00e0lids hauran de ser presos per majoria de vots. En cas d&#8217;empat, el vot de el president o la presidenta ser\u00e0 de qualitat.<\/p>\n<p><strong>Article 10.<\/strong> Facultats de la Junta Directiva: Les facultats de la Junta Directiva s&#8217;estendran, amb car\u00e0cter general a tots els actes propis de les finalitats de l&#8217;associaci\u00f3, sempre que no requereixin, segons aquests Estatuts, autoritzaci\u00f3 expressa de l&#8217;Assemblea General.<\/p>\n<p>S\u00f3n facultats particulars de la Junta Directiva:<\/p>\n<p>[\/et_pb_text][et_pb_text _builder_version=&#8221;4.7.7&#8243; _module_preset=&#8221;default&#8221; text_line_height=&#8221;1.5em&#8221; max_width=&#8221;100%&#8221; custom_padding=&#8221;|||5%|false|false&#8221;]<\/p>\n<p>a) Dirigir les activitats socials i portar la gesti\u00f3 econ\u00f2mica i administrativa de l&#8217;Associaci\u00f3, acordant realitzar els oportuns contractes i actes.<br \/>b) Executar els acords de l&#8217;Assemblea General.<br \/>c) Formular i sotmetre a l&#8217;aprovaci\u00f3 de l&#8217;Assemblea General els Balan\u00e7os i comptes anuals.<br \/>d) Resoldre sobre l&#8217;admissi\u00f3 de nous associats.<br \/>e) Nomenar delegats per a alguna activitat determinada de l&#8217;Associaci\u00f3.<br \/>f) Qualsevol altra facultat que no sigui de l&#8217;exclusiva compet\u00e8ncia de la Assemblea General de socis.<\/p>\n<p>[\/et_pb_text][et_pb_text _builder_version=&#8221;4.7.7&#8243; _module_preset=&#8221;default&#8221; text_line_height=&#8221;1.5em&#8221; max_width=&#8221;100%&#8221;]<\/p>\n<p><strong>Article 11.<\/strong> El\/la president\/a tindr\u00e0 les seg\u00fcents atribucions: Representar legalment a l&#8217;Associaci\u00f3 davant tota classe d&#8217;organismes p\u00fablics o privats; convocar, presidir i aixecar les sessions que celebri l&#8217;Assemblea General i la Junta Directiva, aix\u00ed com dirigir les deliberacions d&#8217;una i altra; ordenar pagaments i autoritzar amb la seva signatura els documents, actes i correspond\u00e8ncia; adoptar qualsevol mesura urgent que la bona marxa de l&#8217;Associaci\u00f3 o per al desenvolupament de les seves activitats resulti necess\u00e0ria o convenient, sense perjudici de donar compte posteriorment a la Junta Directiva.<\/p>\n<p><strong>Article 12.<\/strong> El\/la Vicepresident\/a substituir\u00e0 el president o la presidenta en abs\u00e8ncia d&#8217;aquest, motivada per malaltia o qualsevol altra causa, i tindr\u00e0 les mateixes atribucions que ell.<\/p>\n<p><strong>Article 13.<\/strong> El\/la secretari\/a tindr\u00e0 a c\u00e0rrec la direcci\u00f3 dels treballs purament administratius de l&#8217;Associaci\u00f3, expedir\u00e0 certificacions, portar\u00e0 els llibres de l&#8217;associaci\u00f3 legalment establerts i el fitxer d&#8217;associats, i custodiar\u00e0 la documentaci\u00f3 de l&#8217;entitat, fent que es cursin les comunicacions sobre designaci\u00f3 de Juntes Directives i altres acords socials inscriptibles als registres corresponents, aix\u00ed com el compliment de les obligacions documentals en els termes que legalment corresponguin.<\/p>\n<p><strong>Article 14.<\/strong> El\/la tresorer\/a recaptar\u00e0 i custodiar\u00e0 els fons pertanyents a l&#8217;Associaci\u00f3 i donar\u00e0 compliment a les ordres de pagament que expedeixi el\/la president\/a.<\/p>\n<p><strong>Article 15.<\/strong> Els\/les vocals tindran les obligacions pr\u00f2pies del seu c\u00e0rrec com a membres de la Junta Directiva, i aix\u00ed com les que neixin de les delegacions o comissions de treball que la pr\u00f2pia Junta els encomani.<\/p>\n<p><strong>Article 16.<\/strong> Les vacants que es poguessin produir durant el mandat de qualsevol dels membres de la Junta Directiva seran cobertes provisionalment entre els membres fins a l&#8217;elecci\u00f3 definitiva per l&#8217;Assemblea General convocada a l&#8217;efecte.<\/p>\n<p>[\/et_pb_text][et_pb_text _builder_version=&#8221;4.7.7&#8243; _module_preset=&#8221;default&#8221; text_line_height=&#8221;1.5em&#8221; max_width=&#8221;100%&#8221;]<\/p>\n<h2>CAP\u00cdTOL III<\/h2>\n<p>ASSEMBLEA GENERAL<\/p>\n<p><strong>Article 17.<\/strong> L&#8217;Assemblea General \u00e9s l&#8217;\u00f2rgan suprem de govern de l&#8217;Associaci\u00f3 i estar\u00e0 integrada per tots els associats.<\/p>\n<p><strong>Article 18.<\/strong> Les reunions de l&#8217;Assemblea General seran ordin\u00e0ries i extraordin\u00e0ries. L&#8217;ordin\u00e0ria es celebrar\u00e0 un cop a l&#8217;any dins dels quatre mesos seg\u00fcents al tancament de l&#8217;exercici; les extraordin\u00e0ries es celebraran quan les circumst\u00e0ncies ho aconsellin, segons el parer del president o la presidenta, quan la Junta Directiva ho acordi o quan ho proposi per escrit una desena part dels associats.<\/p>\n<p><strong>Article 19.<\/strong> Les convocat\u00f2ries de les Assemblees Generals es realitzaran per escrit expressant el lloc, dia i hora de la reuni\u00f3 aix\u00ed com l&#8217;ordre del dia amb expressi\u00f3 concreta dels assumptes a tractar. Entre la convocat\u00f2ria i el dia assenyalat per la celebraci\u00f3 de l&#8217;Assemblea en primera convocat\u00f2ria hauran de passar al menys quinze dies, podent aix\u00ed mateix fer-se constar, si cal, la data i hora en que es reunir\u00e0 l&#8217;Assemblea en segona convocat\u00f2ria, sense que entre una i l&#8217;altre pugui haver un pla\u00e7 inferior a trenta minuts.<\/p>\n<p><strong>Article 20.<\/strong> Les Assemblees Generals, tant ordin\u00e0ries com extraordin\u00e0ries, quedaran v\u00e0lidament constitu\u00efdes en primera convocat\u00f2ria quan concorrin a ella un ter\u00e7 dels associats amb dret a vot i, en segona convocat\u00f2ria qualsevol que sigui el nombre d&#8217;associats amb dret a vot.<\/p>\n<p>Els acords es prendran per majoria simple de les persones presents o representades quan els vots afirmatius superen als negatius, no sent computables a aquests efectes els vots nuls, en blanc, ni les abstencions.<\/p>\n<p>Ser\u00e0 necess\u00e0ria majoria qualificada de les persones presents o representades, que resultar\u00e0 quan els vots afirmatius superin la meitat d&#8217;aquests, per:<\/p>\n<p>[\/et_pb_text][et_pb_text _builder_version=&#8221;4.7.7&#8243; _module_preset=&#8221;default&#8221; text_line_height=&#8221;1.5em&#8221; max_width=&#8221;100%&#8221; custom_padding=&#8221;|||5%|false|false&#8221;]<\/p>\n<p>a) Dissoluci\u00f3 de l&#8217;entitat.<br \/>b) Modificaci\u00f3 d&#8217;Estatuts.<br \/>c) Disposici\u00f3 o alienaci\u00f3 de b\u00e9ns integrants de l&#8217;immobilitzat.<br \/>d) Remuneraci\u00f3 dels membres de l&#8217;\u00f2rgan de representaci\u00f3.<br \/>e) Constituci\u00f3 d&#8217;una Federaci\u00f3 d&#8217;associacions.<br \/>f) Integraci\u00f3 o vinculaci\u00f3 a una altra associaci\u00f3.<\/p>\n<p>[\/et_pb_text][et_pb_text _builder_version=&#8221;4.7.7&#8243; _module_preset=&#8221;default&#8221; text_line_height=&#8221;1.5em&#8221; max_width=&#8221;100%&#8221;]<\/p>\n<p><strong>Article 21.<\/strong> S\u00f3n facultats de l&#8217;Assemblea General:<\/p>\n<p>[\/et_pb_text][et_pb_text _builder_version=&#8221;4.7.7&#8243; _module_preset=&#8221;default&#8221; text_line_height=&#8221;1.5em&#8221; max_width=&#8221;100%&#8221; custom_padding=&#8221;|||5%|false|false&#8221;]<\/p>\n<p>a) Aprovar, la gesti\u00f3 de la Junta Directiva.<br \/>b) Examinar i aprovar els comptes anuals.<br \/>c) Triar els membres de la Junta Directiva.<br \/>d) Fixar les quotes ordin\u00e0ries o extraordin\u00e0ries.<br \/>e) Dissoluci\u00f3 de l&#8217;Associaci\u00f3.<br \/>f) Modificaci\u00f3 dels Estatuts.<br \/>g) Disposici\u00f3 o alienaci\u00f3 dels b\u00e9ns.<br \/>h) Acordar, si escau, la remuneraci\u00f3 dels membres dels \u00f2rgans de representaci\u00f3.<br \/>i) Qualsevol altra que no sigui compet\u00e8ncia atribu\u00efda a un altre \u00f2rgan social.<\/p>\n<p>[\/et_pb_text][et_pb_text _builder_version=&#8221;4.7.7&#8243; _module_preset=&#8221;default&#8221; text_line_height=&#8221;1.5em&#8221; max_width=&#8221;100%&#8221;]<\/p>\n<p><strong>Article 22.<\/strong> Requereixen acord de l&#8217;Assemblea General Extraordin\u00e0ria convocada a l&#8217;efecte:<\/p>\n<p>[\/et_pb_text][et_pb_text _builder_version=&#8221;4.7.7&#8243; _module_preset=&#8221;default&#8221; text_line_height=&#8221;1.5em&#8221; max_width=&#8221;100%&#8221; custom_padding=&#8221;|||5%|false|false&#8221;]<\/p>\n<p>a) Modificaci\u00f3 dels Estatuts.<br \/>1 Requerir\u00e0 acord de modificaci\u00f3 dels Estatuts i que consti en els comptes anuals aprovats en Assemblea art. 11.5 LO 1\/2002.<br \/>b) Dissoluci\u00f3 de l&#8217;Associaci\u00f3.<\/p>\n<p>[\/et_pb_text][et_pb_text _builder_version=&#8221;4.7.7&#8243; _module_preset=&#8221;default&#8221; text_line_height=&#8221;1.5em&#8221; max_width=&#8221;100%&#8221;]<\/p>\n<h2>CAP\u00cdTOL IV<\/h2>\n<p>SOCIS<\/p>\n<p><strong>Article 23.<\/strong> Podran pert\u00e0nyer a l&#8217;Associaci\u00f3 aquelles persones amb capacitat d&#8217;obrar que tinguin inter\u00e8s en el desenvolupament de les finalitats de l&#8217;Associaci\u00f3 i acreditin la seva compet\u00e8ncia per contribuir a aquests.<\/p>\n<p><strong>Article 24.<\/strong> Dins de l&#8217;Associaci\u00f3 existiran les seg\u00fcents classes de socis:<\/p>\n<p>[\/et_pb_text][et_pb_text _builder_version=&#8221;4.7.7&#8243; _module_preset=&#8221;default&#8221; text_line_height=&#8221;1.5em&#8221; max_width=&#8221;100%&#8221; custom_padding=&#8221;|||5%|false|false&#8221;]<\/p>\n<p>a) Socis fundadors, que seran aquells que participin en l&#8217;acte de constituci\u00f3 de l&#8217;Associaci\u00f3.<br \/>b) Socis numerals, que seran els que ingressin despr\u00e9s de la constituci\u00f3 de l&#8217;Associaci\u00f3.<br \/>c) Socis d&#8217;honor, els que pel seu prestigi o per haver contribu\u00eft de manera rellevant a la dignificaci\u00f3 i desenvolupament de l&#8217;Associaci\u00f3 siguin anomenats per l&#8217;Assemblea General. Se&#8217;ls hi podr\u00e0 atorgar a t\u00edtol honor\u00edfic la distinci\u00f3 de President d&#8217;honor.<\/p>\n<p>[\/et_pb_text][et_pb_text _builder_version=&#8221;4.7.7&#8243; _module_preset=&#8221;default&#8221; text_line_height=&#8221;1.5em&#8221; max_width=&#8221;100%&#8221;]<\/p>\n<p><strong>Article 25.<\/strong> Els socis causaran baixa per alguna de les causes seg\u00fcents:<\/p>\n<p>[\/et_pb_text][et_pb_text _builder_version=&#8221;4.7.7&#8243; _module_preset=&#8221;default&#8221; text_line_height=&#8221;1.5em&#8221; max_width=&#8221;100%&#8221; custom_padding=&#8221;|||5%|false|false&#8221;]<\/p>\n<p>a) Per ren\u00fancia volunt\u00e0ria, comunicada per escrit a la Junta Directiva.<br \/>b) Per incompliment de les obligacions econ\u00f2miques, si deix\u00e9s de satisfer 2 quotes peri\u00f2diques.<\/p>\n<p>[\/et_pb_text][et_pb_text _builder_version=&#8221;4.7.7&#8243; _module_preset=&#8221;default&#8221; text_line_height=&#8221;1.5em&#8221; max_width=&#8221;100%&#8221;]<\/p>\n<p><strong>Article 26.<\/strong> Els socis de numerals i fundadors tindran els seg\u00fcents drets:<\/p>\n<p>[\/et_pb_text][et_pb_text _builder_version=&#8221;4.7.7&#8243; _module_preset=&#8221;default&#8221; text_line_height=&#8221;1.5em&#8221; max_width=&#8221;100%&#8221; custom_padding=&#8221;|||5%|false|false&#8221;]<\/p>\n<p>a) Prendre part en totes les activitats que organitzi l&#8217;Associaci\u00f3 en compliment dels seus fins.<br \/>b) Gaudir de tots els avantatges i beneficis que l&#8217;Associaci\u00f3 pugui obtenir.<br \/>c) Participar en les Assemblees amb veu i vot.<br \/>d) Ser electors i elegibles per als c\u00e0rrecs directius.<br \/>e) Rebre informaci\u00f3 sobre els acords adoptats pels \u00f2rgans de l&#8217;Associaci\u00f3.<br \/>f) Fer suggeriments als membres de la Junta Directiva per tal de millorar el compliment dels fins de l&#8217;Associaci\u00f3.<\/p>\n<p>[\/et_pb_text][et_pb_text _builder_version=&#8221;4.7.7&#8243; _module_preset=&#8221;default&#8221; text_line_height=&#8221;1.5em&#8221; max_width=&#8221;100%&#8221;]<\/p>\n<p><strong>Article 27.<\/strong> Els socis fundadors i numerals tindran les seg\u00fcents obligacions:<\/p>\n<p>[\/et_pb_text][et_pb_text _builder_version=&#8221;4.7.7&#8243; _module_preset=&#8221;default&#8221; text_line_height=&#8221;1.5em&#8221; max_width=&#8221;100%&#8221; custom_padding=&#8221;|||5%|false|false&#8221;]<\/p>\n<p>a) Complir els presents Estatuts i els acords v\u00e0lids de les Assemblees i la Junta Directiva.<br \/>b) Abonar les quotes que es fixin.<br \/>c) Assistir a les Assemblees i altres actes que s&#8217;organitzin.<br \/>d) Exercir, si escau, les obligacions inherents al c\u00e0rrec que ocupin.<\/p>\n<p>[\/et_pb_text][et_pb_text _builder_version=&#8221;4.7.7&#8243; _module_preset=&#8221;default&#8221; text_line_height=&#8221;1.5em&#8221; max_width=&#8221;100%&#8221;]<\/p>\n<p><strong>Article 28.<\/strong> Els socis d&#8217;honor tindran les mateixes obligacions que els fundadors i de nombre a excepci\u00f3 de les previstes en els apartats b) i d), de l&#8217;article anterior.<\/p>\n<p>Aix\u00ed mateix, tindran els mateixos drets a excepci\u00f3 dels que figuren en els apartats c) i d) de l&#8217;article 26, podent assistir a les assemblees sense dret de vot.<\/p>\n<p><strong>Article 29.<\/strong> Els recursos econ\u00f2mics previstos per al desenvolupament dels fins i activitats de l&#8217;Associaci\u00f3 seran els seg\u00fcents:<\/p>\n<p>[\/et_pb_text][et_pb_text _builder_version=&#8221;4.7.7&#8243; _module_preset=&#8221;default&#8221; text_line_height=&#8221;1.5em&#8221; max_width=&#8221;100%&#8221; custom_padding=&#8221;|||5%|false|false&#8221;]<\/p>\n<p>a) Les quotes de socis, peri\u00f2diques o extraordin\u00e0ries.<br \/>b) Les subvencions, donacions llegats o her\u00e8ncies que pogu\u00e9s rebre de forma legal per part dels associats o de terceres persones.<br \/>c) Qualsevol altre recurs l\u00edcit.<\/p>\n<p>[\/et_pb_text][et_pb_text _builder_version=&#8221;4.7.7&#8243; _module_preset=&#8221;default&#8221; text_line_height=&#8221;1.5em&#8221; max_width=&#8221;100%&#8221;]<\/p>\n<p><strong>Article 30.<\/strong> L&#8217;Associaci\u00f3 no t\u00e9 Fons Social en el moment de la seva constituci\u00f3.<\/p>\n<p><strong>Article 31.<\/strong> L&#8217;exercici associatiu i econ\u00f2mic ser\u00e0 anual i el seu tancament tindr\u00e0 lloc el 31 de desembre de cada any.<\/p>\n<h2>CAP\u00cdTOL V<\/h2>\n<p>DISSOLUCI\u00d3<\/p>\n<p><strong>Article 32.<\/strong> Es dissoldr\u00e0 volunt\u00e0riament quan aix\u00ed ho acordi l&#8217;Assemblea General Extraordin\u00e0ria, convocada a l&#8217;efecte, d&#8217;acord amb el que disposa l&#8217;article 20 dels presents Estatuts.<\/p>\n<p><strong>Article 33.<\/strong> En cas de dissoluci\u00f3, es nomenar\u00e0 una comissi\u00f3 liquidadora la qual, un cop extingits els deutes, i si exist\u00eds sobrant l\u00edquid ho destinar\u00e0 per a fins que no desvirtu\u00efn la seva naturalesa no lucrativa.<\/p>\n<p>DISPOSICI\u00d3 ADDICIONAL<\/p>\n<p>En tot el que no estigui previst en els presents Estatuts s&#8217;aplicar\u00e0 la vigent Llei Org\u00e0nica 1\/2002, de 22 de mar\u00e7, reguladora de el Dret d&#8217;Associaci\u00f3, i les disposicions complement\u00e0ries.<\/p>\n<p>A Santiago de Compostela a 18 de novembre del 2005.<\/p>\n<p>(SIGNATURES dels quals figuren com a atorgants de l&#8217;Acta Fundacional. Hauran de signar tamb\u00e9 al marge de cadascuna de les fulles dels Estatuts).<\/p>\n<p>[\/et_pb_text][et_pb_text _builder_version=&#8221;4.7.2&#8243; _module_preset=&#8221;default&#8221; text_line_height=&#8221;1.5em&#8221; max_width=&#8221;100%&#8221;]<\/p>\n<p>Sr. Miguel P\u00e9rez Pereira<\/p>\n<p>Sra. Itziar Idiazabal Gorrotxategi<\/p>\n<p>Sr. Eliseo Diez Itza<\/p>\n<p>Sra. Elisabet Serrat Sellabona<\/p>\n<p>&nbsp;<\/p>\n<p>&nbsp;<\/p>\n<p><em>Modificaci\u00f3 dels estatuts<\/em><\/p>\n<p>&nbsp;<\/p>\n<p>A Palma, a 4 d&#8217;octubre de 2021<\/p>\n<p>Sr. Eliseo D\u00edez Itza, president<\/p>\n<p>Sra. Eva Aguilar Mediavilla, secret\u00e0ria<\/p>\n<p>[\/et_pb_text][\/et_pb_column][\/et_pb_row][\/et_pb_section]<\/p>\n","protected":false},"excerpt":{"rendered":"<p>Estatuts de l&#8217;Associaci\u00f3 per a l&#8217;Estudi de l&#8217;Adquisici\u00f3 del LlenguatgeCAP\u00cdTOL I DENOMINACI\u00d3, FINALITATS, DOMICILI I \u00c0MBIT: Article 1. Amb la denominaci\u00f3 Associaci\u00f3 per a l&#8217;Estudi de l&#8217;Adquisici\u00f3 del Llenguatge (AEAL) (Asociaci\u00f3n para o Estudio da Adquisici\u00f3n da Linguaxe; Asociaci\u00f3n para el Estudio de la Adquisici\u00f3n del Lenguaje; Hizkuntza Jabekuntza Ikasketen Elkartea) es constitueix una ASSOCIACI\u00d3 [&hellip;]<\/p>\n","protected":false},"author":1,"featured_media":0,"parent":0,"menu_order":0,"comment_status":"closed","ping_status":"closed","template":"","meta":{"_et_pb_use_builder":"on","_et_pb_old_content":"","_et_gb_content_width":"","footnotes":""},"_links":{"self":[{"href":"https:\/\/aeal.eu\/ca\/wp-json\/wp\/v2\/pages\/237097"}],"collection":[{"href":"https:\/\/aeal.eu\/ca\/wp-json\/wp\/v2\/pages"}],"about":[{"href":"https:\/\/aeal.eu\/ca\/wp-json\/wp\/v2\/types\/page"}],"author":[{"embeddable":true,"href":"https:\/\/aeal.eu\/ca\/wp-json\/wp\/v2\/users\/1"}],"replies":[{"embeddable":true,"href":"https:\/\/aeal.eu\/ca\/wp-json\/wp\/v2\/comments?post=237097"}],"version-history":[{"count":10,"href":"https:\/\/aeal.eu\/ca\/wp-json\/wp\/v2\/pages\/237097\/revisions"}],"predecessor-version":[{"id":238414,"href":"https:\/\/aeal.eu\/ca\/wp-json\/wp\/v2\/pages\/237097\/revisions\/238414"}],"wp:attachment":[{"href":"https:\/\/aeal.eu\/ca\/wp-json\/wp\/v2\/media?parent=237097"}],"curies":[{"name":"wp","href":"https:\/\/api.w.org\/{rel}","templated":true}]}}